{"id":51153,"date":"2025-08-28T09:46:42","date_gmt":"2025-08-28T09:46:42","guid":{"rendered":"https:\/\/newvt.verticaltechnik.ch\/product\/pandora-box-600-1-5m\/"},"modified":"2025-08-28T09:46:42","modified_gmt":"2025-08-28T09:46:42","slug":"pandora-box-600-1-5m","status":"publish","type":"product","link":"https:\/\/verticaltechnik.ch\/fr\/produit\/pandora-box-600-1-5m\/","title":{"rendered":"Pandora Box 600 1.5m"},"content":{"rendered":"<p>La Pandora Box est un module central avec deux plans inclin\u00e9s et une plateforme entre les deux. Selon la variante, elle est \u00e9quip\u00e9e d&rsquo;un mur et de rails. Une Pandora Box peut \u00eatre survol\u00e9e en sautant sur le premier plan inclin\u00e9, en faisant une figure dans les airs et en atterrissant ensuite sur le deuxi\u00e8me plan inclin\u00e9. Elle peut toutefois aussi \u00eatre utilis\u00e9e pour sauter du premier plan inclin\u00e9 sur un mur ou un rail et y effectuer une figure. Ensuite, on atterrit \u00e0 nouveau sur le deuxi\u00e8me plan inclin\u00e9 ou sur le sol, selon la longueur du mur ou du rail. Ce module n\u00e9cessite une distance d&rsquo;environ 7 m\u00e8tres par rapport \u00e0 un \u00e9l\u00e9ment de d\u00e9part, afin que les utilisateurs aient suffisamment de temps pour se pr\u00e9parer \u00e0 une figure. Ce produit est compatible avec K00115 + K00211 + K00213 + K00214 + K00216 + K00218 + K00363 + K00220 + K00365 + K00221 + K00366 + K00223 + K00368.      <\/p>\n","protected":false},"excerpt":{"rendered":"<p>La Pandora Box est un module central avec deux plans inclin\u00e9s et une plateforme entre les deux. Selon la variante, elle est \u00e9quip\u00e9e d&rsquo;un mur et de rails. Une Pandora&#8230;<\/p>\n","protected":false},"featured_media":44830,"template":"","meta":[],"product_brand":[],"product_cat":[12050],"product_tag":[],"class_list":{"0":"post-51153","1":"product","2":"type-product","3":"status-publish","4":"has-post-thumbnail","6":"product_cat-module-boite-de-pandore","8":"first","9":"instock","10":"shipping-taxable","11":"purchasable","12":"product-type-simple"},"_links":{"self":[{"href":"https:\/\/verticaltechnik.ch\/fr\/wp-json\/wp\/v2\/product\/51153","targetHints":{"allow":["GET"]}}],"collection":[{"href":"https:\/\/verticaltechnik.ch\/fr\/wp-json\/wp\/v2\/product"}],"about":[{"href":"https:\/\/verticaltechnik.ch\/fr\/wp-json\/wp\/v2\/types\/product"}],"wp:featuredmedia":[{"embeddable":true,"href":"https:\/\/verticaltechnik.ch\/fr\/wp-json\/wp\/v2\/media\/44830"}],"wp:attachment":[{"href":"https:\/\/verticaltechnik.ch\/fr\/wp-json\/wp\/v2\/media?parent=51153"}],"wp:term":[{"taxonomy":"product_brand","embeddable":true,"href":"https:\/\/verticaltechnik.ch\/fr\/wp-json\/wp\/v2\/product_brand?post=51153"},{"taxonomy":"product_cat","embeddable":true,"href":"https:\/\/verticaltechnik.ch\/fr\/wp-json\/wp\/v2\/product_cat?post=51153"},{"taxonomy":"product_tag","embeddable":true,"href":"https:\/\/verticaltechnik.ch\/fr\/wp-json\/wp\/v2\/product_tag?post=51153"}],"curies":[{"name":"wp","href":"https:\/\/api.w.org\/{rel}","templated":true}]}}