{"id":51159,"date":"2025-08-28T09:46:24","date_gmt":"2025-08-28T09:46:24","guid":{"rendered":"https:\/\/newvt.verticaltechnik.ch\/product\/pandora-box-scooter-step-up-1500-2-64m\/"},"modified":"2025-08-28T09:46:24","modified_gmt":"2025-08-28T09:46:24","slug":"pandora-box-scooter-step-up-1500-2-64m","status":"publish","type":"product","link":"https:\/\/verticaltechnik.ch\/fr\/produit\/pandora-box-scooter-step-up-1500-2-64m\/","title":{"rendered":"Pandora Box Scooter Step Up 1500 2.64m"},"content":{"rendered":"<p>Le Pandora Box Scooter Step Up 1500 est un module central avec deux courbes et une plateforme entre les deux. La plateforme est inclin\u00e9e vers le haut pour permettre des atterrissages en hauteur. Un rayon est int\u00e9gr\u00e9 \u00e0 l&rsquo;extr\u00e9mit\u00e9, qui amortit les atterrissages courts. La g\u00e9om\u00e9trie est con\u00e7ue pour les riders de scooter et de BMX. Le Pandora Box Step Up 1500 peut \u00eatre survol\u00e9 en sautant de la premi\u00e8re courbe, en faisant une figure dans les airs et en atterrissant ensuite dans la courbe oppos\u00e9e. Ce module n\u00e9cessite une distance d&rsquo;au moins 7 m\u00e8tres par rapport \u00e0 un \u00e9l\u00e9ment de d\u00e9part afin que les utilisateurs aient suffisamment de temps pour se pr\u00e9parer \u00e0 une figure. Ce produit est compatible avec K00586.       <\/p>\n","protected":false},"excerpt":{"rendered":"<p>Le Pandora Box Scooter Step Up 1500 est un module central avec deux courbes et une plateforme entre les deux. La plateforme est inclin\u00e9e vers le haut pour permettre des&#8230;<\/p>\n","protected":false},"featured_media":44878,"template":"","meta":[],"product_brand":[],"product_cat":[12054],"product_tag":[],"class_list":{"0":"post-51159","1":"product","2":"type-product","3":"status-publish","4":"has-post-thumbnail","6":"product_cat-pandora-box-bmx","8":"first","9":"instock","10":"shipping-taxable","11":"purchasable","12":"product-type-simple"},"_links":{"self":[{"href":"https:\/\/verticaltechnik.ch\/fr\/wp-json\/wp\/v2\/product\/51159","targetHints":{"allow":["GET"]}}],"collection":[{"href":"https:\/\/verticaltechnik.ch\/fr\/wp-json\/wp\/v2\/product"}],"about":[{"href":"https:\/\/verticaltechnik.ch\/fr\/wp-json\/wp\/v2\/types\/product"}],"wp:featuredmedia":[{"embeddable":true,"href":"https:\/\/verticaltechnik.ch\/fr\/wp-json\/wp\/v2\/media\/44878"}],"wp:attachment":[{"href":"https:\/\/verticaltechnik.ch\/fr\/wp-json\/wp\/v2\/media?parent=51159"}],"wp:term":[{"taxonomy":"product_brand","embeddable":true,"href":"https:\/\/verticaltechnik.ch\/fr\/wp-json\/wp\/v2\/product_brand?post=51159"},{"taxonomy":"product_cat","embeddable":true,"href":"https:\/\/verticaltechnik.ch\/fr\/wp-json\/wp\/v2\/product_cat?post=51159"},{"taxonomy":"product_tag","embeddable":true,"href":"https:\/\/verticaltechnik.ch\/fr\/wp-json\/wp\/v2\/product_tag?post=51159"}],"curies":[{"name":"wp","href":"https:\/\/api.w.org\/{rel}","templated":true}]}}