{"id":51160,"date":"2025-08-28T09:45:39","date_gmt":"2025-08-28T09:45:39","guid":{"rendered":"https:\/\/newvt.verticaltechnik.ch\/product\/pandora-box-1400-bmx-2-4m\/"},"modified":"2025-08-28T09:45:39","modified_gmt":"2025-08-28T09:45:39","slug":"pandora-box-1400-bmx-2-4m","status":"publish","type":"product","link":"https:\/\/verticaltechnik.ch\/fr\/produit\/pandora-box-1400-bmx-2-4m\/","title":{"rendered":"Pandora Box 1400 BMX 2.4m"},"content":{"rendered":"<p>La Pandora Box 1400 BMX est un module central avec un plan inclin\u00e9 et un arrondi avec une plateforme entre les deux. La g\u00e9om\u00e9trie est con\u00e7ue pour les riders BMX. La Pandora Box 1400 BMX peut \u00eatre survol\u00e9e en sautant de l&rsquo;arrondi, en faisant une figure dans les airs et en atterrissant ensuite dans le plan inclin\u00e9. Ce module n\u00e9cessite une distance d&rsquo;au moins 7 m\u00e8tres par rapport \u00e0 un \u00e9l\u00e9ment de d\u00e9part afin que les utilisateurs aient suffisamment de temps pour se pr\u00e9parer \u00e0 une figure. Ce produit est compatible avec K00121.    <\/p>\n","protected":false},"excerpt":{"rendered":"<p>La Pandora Box 1400 BMX est un module central avec un plan inclin\u00e9 et un arrondi avec une plateforme entre les deux. La g\u00e9om\u00e9trie est con\u00e7ue pour les riders BMX&#8230;.<\/p>\n","protected":false},"featured_media":44882,"template":"","meta":[],"product_brand":[],"product_cat":[12054],"product_tag":[],"class_list":{"0":"post-51160","1":"product","2":"type-product","3":"status-publish","4":"has-post-thumbnail","6":"product_cat-pandora-box-bmx","8":"first","9":"instock","10":"shipping-taxable","11":"purchasable","12":"product-type-simple"},"_links":{"self":[{"href":"https:\/\/verticaltechnik.ch\/fr\/wp-json\/wp\/v2\/product\/51160","targetHints":{"allow":["GET"]}}],"collection":[{"href":"https:\/\/verticaltechnik.ch\/fr\/wp-json\/wp\/v2\/product"}],"about":[{"href":"https:\/\/verticaltechnik.ch\/fr\/wp-json\/wp\/v2\/types\/product"}],"wp:featuredmedia":[{"embeddable":true,"href":"https:\/\/verticaltechnik.ch\/fr\/wp-json\/wp\/v2\/media\/44882"}],"wp:attachment":[{"href":"https:\/\/verticaltechnik.ch\/fr\/wp-json\/wp\/v2\/media?parent=51160"}],"wp:term":[{"taxonomy":"product_brand","embeddable":true,"href":"https:\/\/verticaltechnik.ch\/fr\/wp-json\/wp\/v2\/product_brand?post=51160"},{"taxonomy":"product_cat","embeddable":true,"href":"https:\/\/verticaltechnik.ch\/fr\/wp-json\/wp\/v2\/product_cat?post=51160"},{"taxonomy":"product_tag","embeddable":true,"href":"https:\/\/verticaltechnik.ch\/fr\/wp-json\/wp\/v2\/product_tag?post=51160"}],"curies":[{"name":"wp","href":"https:\/\/api.w.org\/{rel}","templated":true}]}}