{"id":51173,"date":"2025-08-28T09:44:23","date_gmt":"2025-08-28T09:44:23","guid":{"rendered":"https:\/\/newvt.verticaltechnik.ch\/product\/banc-1700-30-3m\/"},"modified":"2025-08-28T09:44:23","modified_gmt":"2025-08-28T09:44:23","slug":"banc-1700-30-3m","status":"publish","type":"product","link":"https:\/\/verticaltechnik.ch\/fr\/produit\/banc-1700-30-3m\/","title":{"rendered":"Banc 1700 30\u00b0 3m"},"content":{"rendered":"<p>Ce module sert entre autres de rampe d&rsquo;\u00e9lan. De la plateforme, on se dirige vers un module central pour y r\u00e9aliser des figures. Il sert \u00e9galement de module pour r\u00e9aliser des figures sur le plan inclin\u00e9. Ce produit est compatible avec K00099.   <\/p>\n","protected":false},"excerpt":{"rendered":"<p>Ce module sert entre autres de rampe d&rsquo;\u00e9lan. De la plateforme, on se dirige vers un module central pour y r\u00e9aliser des figures. Il sert \u00e9galement de module pour r\u00e9aliser&#8230;<\/p>\n","protected":false},"featured_media":44970,"template":"","meta":[],"product_brand":[],"product_cat":[12096],"product_tag":[],"class_list":{"0":"post-51173","1":"product","2":"type-product","3":"status-publish","4":"has-post-thumbnail","6":"product_cat-banque-1700-30","8":"first","9":"instock","10":"shipping-taxable","11":"purchasable","12":"product-type-simple"},"_links":{"self":[{"href":"https:\/\/verticaltechnik.ch\/fr\/wp-json\/wp\/v2\/product\/51173","targetHints":{"allow":["GET"]}}],"collection":[{"href":"https:\/\/verticaltechnik.ch\/fr\/wp-json\/wp\/v2\/product"}],"about":[{"href":"https:\/\/verticaltechnik.ch\/fr\/wp-json\/wp\/v2\/types\/product"}],"wp:featuredmedia":[{"embeddable":true,"href":"https:\/\/verticaltechnik.ch\/fr\/wp-json\/wp\/v2\/media\/44970"}],"wp:attachment":[{"href":"https:\/\/verticaltechnik.ch\/fr\/wp-json\/wp\/v2\/media?parent=51173"}],"wp:term":[{"taxonomy":"product_brand","embeddable":true,"href":"https:\/\/verticaltechnik.ch\/fr\/wp-json\/wp\/v2\/product_brand?post=51173"},{"taxonomy":"product_cat","embeddable":true,"href":"https:\/\/verticaltechnik.ch\/fr\/wp-json\/wp\/v2\/product_cat?post=51173"},{"taxonomy":"product_tag","embeddable":true,"href":"https:\/\/verticaltechnik.ch\/fr\/wp-json\/wp\/v2\/product_tag?post=51173"}],"curies":[{"name":"wp","href":"https:\/\/api.w.org\/{rel}","templated":true}]}}