{"id":51223,"date":"2025-08-28T09:59:39","date_gmt":"2025-08-28T09:59:39","guid":{"rendered":"https:\/\/newvt.verticaltechnik.ch\/product\/microramp-800-3-96m\/"},"modified":"2025-08-28T09:59:39","modified_gmt":"2025-08-28T09:59:39","slug":"microramp-800-3-96m","status":"publish","type":"product","link":"https:\/\/verticaltechnik.ch\/fr\/produit\/microramp-800-3-96m\/","title":{"rendered":"Microramp 800 3.96m"},"content":{"rendered":"<p>Une microrampe est une installation de skate avec une partie plate entre deux courbes avec des copings et des plateformes de chaque c\u00f4t\u00e9. Ce module sert \u00e0 faire des allers-retours et \u00e0 r\u00e9aliser entre autres des figures comme des grinds, des airs, des kick-flips ou des tailslides sur le coping. Ce produit est compatible avec K00248.  <\/p>\n","protected":false},"excerpt":{"rendered":"<p>Une microrampe est une installation de skate avec une partie plate entre deux courbes avec des copings et des plateformes de chaque c\u00f4t\u00e9. Ce module sert \u00e0 faire des allers-retours&#8230;<\/p>\n","protected":false},"featured_media":44246,"template":"","meta":[],"product_brand":[],"product_cat":[12066],"product_tag":[],"class_list":{"0":"post-51223","1":"product","2":"type-product","3":"status-publish","4":"has-post-thumbnail","6":"product_cat-microrampe-800","8":"first","9":"instock","10":"shipping-taxable","11":"purchasable","12":"product-type-simple"},"_links":{"self":[{"href":"https:\/\/verticaltechnik.ch\/fr\/wp-json\/wp\/v2\/product\/51223","targetHints":{"allow":["GET"]}}],"collection":[{"href":"https:\/\/verticaltechnik.ch\/fr\/wp-json\/wp\/v2\/product"}],"about":[{"href":"https:\/\/verticaltechnik.ch\/fr\/wp-json\/wp\/v2\/types\/product"}],"wp:featuredmedia":[{"embeddable":true,"href":"https:\/\/verticaltechnik.ch\/fr\/wp-json\/wp\/v2\/media\/44246"}],"wp:attachment":[{"href":"https:\/\/verticaltechnik.ch\/fr\/wp-json\/wp\/v2\/media?parent=51223"}],"wp:term":[{"taxonomy":"product_brand","embeddable":true,"href":"https:\/\/verticaltechnik.ch\/fr\/wp-json\/wp\/v2\/product_brand?post=51223"},{"taxonomy":"product_cat","embeddable":true,"href":"https:\/\/verticaltechnik.ch\/fr\/wp-json\/wp\/v2\/product_cat?post=51223"},{"taxonomy":"product_tag","embeddable":true,"href":"https:\/\/verticaltechnik.ch\/fr\/wp-json\/wp\/v2\/product_tag?post=51223"}],"curies":[{"name":"wp","href":"https:\/\/api.w.org\/{rel}","templated":true}]}}