{"id":51251,"date":"2025-08-28T09:57:29","date_gmt":"2025-08-28T09:57:29","guid":{"rendered":"https:\/\/newvt.verticaltechnik.ch\/product\/volcano-street-spine-1400-3-96m\/"},"modified":"2025-08-28T09:57:29","modified_gmt":"2025-08-28T09:57:29","slug":"volcano-street-spine-1400-3-96m","status":"publish","type":"product","link":"https:\/\/verticaltechnik.ch\/fr\/product\/volcano-street-spine-1400-3-96m\/","title":{"rendered":"Volcano Street Spine 1400 3.96m"},"content":{"rendered":"<p>Une Volcano Street Spine sert de module pour effectuer des figures d&rsquo;une courbe \u00e0 une autre. Les figures principalement r\u00e9alis\u00e9es sont les Lip Tricks et les Airs. La Volcano Street Spine poss\u00e8de une petite plateforme sur le dessus qui permet une vari\u00e9t\u00e9 de figures suppl\u00e9mentaires. Ce produit est compatible avec K00203.   <\/p>\n","protected":false},"excerpt":{"rendered":"<p>Une Volcano Street Spine sert de module pour effectuer des figures d&rsquo;une courbe \u00e0 une autre. Les figures principalement r\u00e9alis\u00e9es sont les Lip Tricks et les Airs. La Volcano Street&#8230;<\/p>\n","protected":false},"featured_media":44350,"template":"","meta":[],"product_brand":[],"product_cat":[12108],"product_tag":[],"class_list":{"0":"post-51251","1":"product","2":"type-product","3":"status-publish","4":"has-post-thumbnail","6":"product_cat-street-spine","8":"first","9":"instock","10":"shipping-taxable","11":"purchasable","12":"product-type-simple"},"_links":{"self":[{"href":"https:\/\/verticaltechnik.ch\/fr\/wp-json\/wp\/v2\/product\/51251","targetHints":{"allow":["GET"]}}],"collection":[{"href":"https:\/\/verticaltechnik.ch\/fr\/wp-json\/wp\/v2\/product"}],"about":[{"href":"https:\/\/verticaltechnik.ch\/fr\/wp-json\/wp\/v2\/types\/product"}],"wp:featuredmedia":[{"embeddable":true,"href":"https:\/\/verticaltechnik.ch\/fr\/wp-json\/wp\/v2\/media\/44350"}],"wp:attachment":[{"href":"https:\/\/verticaltechnik.ch\/fr\/wp-json\/wp\/v2\/media?parent=51251"}],"wp:term":[{"taxonomy":"product_brand","embeddable":true,"href":"https:\/\/verticaltechnik.ch\/fr\/wp-json\/wp\/v2\/product_brand?post=51251"},{"taxonomy":"product_cat","embeddable":true,"href":"https:\/\/verticaltechnik.ch\/fr\/wp-json\/wp\/v2\/product_cat?post=51251"},{"taxonomy":"product_tag","embeddable":true,"href":"https:\/\/verticaltechnik.ch\/fr\/wp-json\/wp\/v2\/product_tag?post=51251"}],"curies":[{"name":"wp","href":"https:\/\/api.w.org\/{rel}","templated":true}]}}