{"id":51256,"date":"2025-08-28T09:56:36","date_gmt":"2025-08-28T09:56:36","guid":{"rendered":"https:\/\/newvt.verticaltechnik.ch\/product\/street-spine-1000-3m\/"},"modified":"2025-08-28T09:56:36","modified_gmt":"2025-08-28T09:56:36","slug":"street-spine-1000-3m","status":"publish","type":"product","link":"https:\/\/verticaltechnik.ch\/fr\/product\/street-spine-1000-3m\/","title":{"rendered":"Street Spine 1000 3m"},"content":{"rendered":"<p>Une Street Spine sert de module pour r\u00e9aliser des figures d&rsquo;un arrondi \u00e0 un deuxi\u00e8me arrondi. On y ex\u00e9cute surtout des figures de lip tricks et des airs. Ce produit est compatible avec K00195.  <\/p>\n","protected":false},"excerpt":{"rendered":"<p>Une Street Spine sert de module pour r\u00e9aliser des figures d&rsquo;un arrondi \u00e0 un deuxi\u00e8me arrondi. On y ex\u00e9cute surtout des figures de lip tricks et des airs. Ce produit&#8230;<\/p>\n","protected":false},"featured_media":44382,"template":"","meta":[],"product_brand":[],"product_cat":[12108],"product_tag":[],"class_list":{"0":"post-51256","1":"product","2":"type-product","3":"status-publish","4":"has-post-thumbnail","6":"product_cat-street-spine","8":"first","9":"instock","10":"shipping-taxable","11":"purchasable","12":"product-type-simple"},"_links":{"self":[{"href":"https:\/\/verticaltechnik.ch\/fr\/wp-json\/wp\/v2\/product\/51256","targetHints":{"allow":["GET"]}}],"collection":[{"href":"https:\/\/verticaltechnik.ch\/fr\/wp-json\/wp\/v2\/product"}],"about":[{"href":"https:\/\/verticaltechnik.ch\/fr\/wp-json\/wp\/v2\/types\/product"}],"wp:featuredmedia":[{"embeddable":true,"href":"https:\/\/verticaltechnik.ch\/fr\/wp-json\/wp\/v2\/media\/44382"}],"wp:attachment":[{"href":"https:\/\/verticaltechnik.ch\/fr\/wp-json\/wp\/v2\/media?parent=51256"}],"wp:term":[{"taxonomy":"product_brand","embeddable":true,"href":"https:\/\/verticaltechnik.ch\/fr\/wp-json\/wp\/v2\/product_brand?post=51256"},{"taxonomy":"product_cat","embeddable":true,"href":"https:\/\/verticaltechnik.ch\/fr\/wp-json\/wp\/v2\/product_cat?post=51256"},{"taxonomy":"product_tag","embeddable":true,"href":"https:\/\/verticaltechnik.ch\/fr\/wp-json\/wp\/v2\/product_tag?post=51256"}],"curies":[{"name":"wp","href":"https:\/\/api.w.org\/{rel}","templated":true}]}}