{"id":51270,"date":"2025-08-28T09:44:21","date_gmt":"2025-08-28T09:44:21","guid":{"rendered":"https:\/\/newvt.verticaltechnik.ch\/product\/bank-1500-30-2-x-4-3m-hip-90\/"},"modified":"2025-08-28T09:44:21","modified_gmt":"2025-08-28T09:44:21","slug":"bank-1500-30-2-x-4-3m-hip-90","status":"publish","type":"product","link":"https:\/\/verticaltechnik.ch\/fr\/produit\/bank-1500-30-2-x-4-3m-hip-90\/","title":{"rendered":"Bank 1500 30\u00b0 2 x 4.3m Hip 90\u00b0"},"content":{"rendered":"<p>Ce module sert entre autres de rampe de lancement. De la plateforme, on se dirige vers un module central pour y r\u00e9aliser des figures. Il sert \u00e9galement de module pour r\u00e9aliser des figures sur le plan inclin\u00e9 ou pour modifier la direction de d\u00e9placement de 30\u00b0. Gr\u00e2ce \u00e0 sa disposition en hip, de nombreuses variations de figures sont possibles. Ce produit est compatible avec K00107.    <\/p>\n","protected":false},"excerpt":{"rendered":"<p>Ce module sert entre autres de rampe de lancement. De la plateforme, on se dirige vers un module central pour y r\u00e9aliser des figures. Il sert \u00e9galement de module pour&#8230;<\/p>\n","protected":false},"featured_media":44978,"template":"","meta":[],"product_brand":[],"product_cat":[12100],"product_tag":[],"class_list":{"0":"post-51270","1":"product","2":"type-product","3":"status-publish","4":"has-post-thumbnail","6":"product_cat-banc-1500-30","8":"first","9":"instock","10":"shipping-taxable","11":"purchasable","12":"product-type-simple"},"_links":{"self":[{"href":"https:\/\/verticaltechnik.ch\/fr\/wp-json\/wp\/v2\/product\/51270","targetHints":{"allow":["GET"]}}],"collection":[{"href":"https:\/\/verticaltechnik.ch\/fr\/wp-json\/wp\/v2\/product"}],"about":[{"href":"https:\/\/verticaltechnik.ch\/fr\/wp-json\/wp\/v2\/types\/product"}],"wp:featuredmedia":[{"embeddable":true,"href":"https:\/\/verticaltechnik.ch\/fr\/wp-json\/wp\/v2\/media\/44978"}],"wp:attachment":[{"href":"https:\/\/verticaltechnik.ch\/fr\/wp-json\/wp\/v2\/media?parent=51270"}],"wp:term":[{"taxonomy":"product_brand","embeddable":true,"href":"https:\/\/verticaltechnik.ch\/fr\/wp-json\/wp\/v2\/product_brand?post=51270"},{"taxonomy":"product_cat","embeddable":true,"href":"https:\/\/verticaltechnik.ch\/fr\/wp-json\/wp\/v2\/product_cat?post=51270"},{"taxonomy":"product_tag","embeddable":true,"href":"https:\/\/verticaltechnik.ch\/fr\/wp-json\/wp\/v2\/product_tag?post=51270"}],"curies":[{"name":"wp","href":"https:\/\/api.w.org\/{rel}","templated":true}]}}