{"id":51289,"date":"2025-08-28T10:13:43","date_gmt":"2025-08-28T10:13:43","guid":{"rendered":"https:\/\/newvt.verticaltechnik.ch\/product\/habillage-pour-miniramp-1000-9m\/"},"modified":"2025-08-28T10:13:43","modified_gmt":"2025-08-28T10:13:43","slug":"habillage-pour-miniramp-1000-9m","status":"publish","type":"product","link":"https:\/\/verticaltechnik.ch\/fr\/product\/habillage-pour-miniramp-1000-9m\/","title":{"rendered":"Habillage pour Miniramp 1000 9m"},"content":{"rendered":"<p>Les habillages emp\u00eachent l&rsquo;accumulation de d\u00e9chets sous les installations de skate. Les habillages sont \u00e9quip\u00e9s de deux trappes de service. Une porte de service verrouillable peut \u00e9galement \u00eatre install\u00e9e en option. Des fentes d&rsquo;a\u00e9ration servent \u00e0 la circulation de l&rsquo;air. Ce produit est compatible avec K00263.    <\/p>\n","protected":false},"excerpt":{"rendered":"<p>Les habillages emp\u00eachent l&rsquo;accumulation de d\u00e9chets sous les installations de skate. Les habillages sont \u00e9quip\u00e9s de deux trappes de service. Une porte de service verrouillable peut \u00e9galement \u00eatre install\u00e9e en&#8230;<\/p>\n","protected":false},"featured_media":43550,"template":"","meta":[],"product_brand":[],"product_cat":[12175],"product_tag":[],"class_list":{"0":"post-51289","1":"product","2":"type-product","3":"status-publish","4":"has-post-thumbnail","6":"product_cat-rampes","8":"first","9":"instock","10":"shipping-taxable","11":"purchasable","12":"product-type-simple"},"_links":{"self":[{"href":"https:\/\/verticaltechnik.ch\/fr\/wp-json\/wp\/v2\/product\/51289","targetHints":{"allow":["GET"]}}],"collection":[{"href":"https:\/\/verticaltechnik.ch\/fr\/wp-json\/wp\/v2\/product"}],"about":[{"href":"https:\/\/verticaltechnik.ch\/fr\/wp-json\/wp\/v2\/types\/product"}],"wp:featuredmedia":[{"embeddable":true,"href":"https:\/\/verticaltechnik.ch\/fr\/wp-json\/wp\/v2\/media\/43550"}],"wp:attachment":[{"href":"https:\/\/verticaltechnik.ch\/fr\/wp-json\/wp\/v2\/media?parent=51289"}],"wp:term":[{"taxonomy":"product_brand","embeddable":true,"href":"https:\/\/verticaltechnik.ch\/fr\/wp-json\/wp\/v2\/product_brand?post=51289"},{"taxonomy":"product_cat","embeddable":true,"href":"https:\/\/verticaltechnik.ch\/fr\/wp-json\/wp\/v2\/product_cat?post=51289"},{"taxonomy":"product_tag","embeddable":true,"href":"https:\/\/verticaltechnik.ch\/fr\/wp-json\/wp\/v2\/product_tag?post=51289"}],"curies":[{"name":"wp","href":"https:\/\/api.w.org\/{rel}","templated":true}]}}