{"id":51315,"date":"2025-08-28T10:12:43","date_gmt":"2025-08-28T10:12:43","guid":{"rendered":"https:\/\/newvt.verticaltechnik.ch\/product\/enclosure-for-wall-ride-2500-3-0m\/"},"modified":"2025-08-28T10:12:43","modified_gmt":"2025-08-28T10:12:43","slug":"enclosure-for-wall-ride-2500-3-0m","status":"publish","type":"product","link":"https:\/\/verticaltechnik.ch\/fr\/produit\/enclosure-for-wall-ride-2500-3-0m\/","title":{"rendered":"Enclosure for Wall Ride 2500 3.0m"},"content":{"rendered":"<p>Les bardages emp\u00eachent l&rsquo;accumulation de d\u00e9chets sous les skateparks. Le bardage est \u00e9quip\u00e9 d&rsquo;une trappe de service. Une porte de service verrouillable peut \u00e9galement \u00eatre install\u00e9e en option. Des fentes d&rsquo;a\u00e9ration servent \u00e0 la circulation de l&rsquo;air. Ce produit est compatible avec K00204.    <\/p>\n","protected":false},"excerpt":{"rendered":"<p>Les bardages emp\u00eachent l&rsquo;accumulation de d\u00e9chets sous les skateparks. Le bardage est \u00e9quip\u00e9 d&rsquo;une trappe de service. Une porte de service verrouillable peut \u00e9galement \u00eatre install\u00e9e en option. Des fentes&#8230;<\/p>\n","protected":false},"featured_media":43594,"template":"","meta":[],"product_brand":[],"product_cat":[11935],"product_tag":[],"class_list":{"0":"post-51315","1":"product","2":"type-product","3":"status-publish","4":"has-post-thumbnail","6":"product_cat-module","8":"first","9":"instock","10":"shipping-taxable","11":"purchasable","12":"product-type-simple"},"_links":{"self":[{"href":"https:\/\/verticaltechnik.ch\/fr\/wp-json\/wp\/v2\/product\/51315","targetHints":{"allow":["GET"]}}],"collection":[{"href":"https:\/\/verticaltechnik.ch\/fr\/wp-json\/wp\/v2\/product"}],"about":[{"href":"https:\/\/verticaltechnik.ch\/fr\/wp-json\/wp\/v2\/types\/product"}],"wp:featuredmedia":[{"embeddable":true,"href":"https:\/\/verticaltechnik.ch\/fr\/wp-json\/wp\/v2\/media\/43594"}],"wp:attachment":[{"href":"https:\/\/verticaltechnik.ch\/fr\/wp-json\/wp\/v2\/media?parent=51315"}],"wp:term":[{"taxonomy":"product_brand","embeddable":true,"href":"https:\/\/verticaltechnik.ch\/fr\/wp-json\/wp\/v2\/product_brand?post=51315"},{"taxonomy":"product_cat","embeddable":true,"href":"https:\/\/verticaltechnik.ch\/fr\/wp-json\/wp\/v2\/product_cat?post=51315"},{"taxonomy":"product_tag","embeddable":true,"href":"https:\/\/verticaltechnik.ch\/fr\/wp-json\/wp\/v2\/product_tag?post=51315"}],"curies":[{"name":"wp","href":"https:\/\/api.w.org\/{rel}","templated":true}]}}