{"id":51339,"date":"2025-08-28T09:55:17","date_gmt":"2025-08-28T09:55:17","guid":{"rendered":"https:\/\/newvt.verticaltechnik.ch\/product\/roof-box-600-pyramide-2-sided\/"},"modified":"2025-08-28T09:55:17","modified_gmt":"2025-08-28T09:55:17","slug":"roof-box-600-pyramide-2-sided","status":"publish","type":"product","link":"https:\/\/verticaltechnik.ch\/fr\/produit\/roof-box-600-pyramide-2-sided\/","title":{"rendered":"Roof Box 600 Pyramide 2-sided"},"content":{"rendered":"<p>La pyramide \u00e0 2 faces est une extension d&rsquo;une Roof Box. Elle est ferm\u00e9e sur deux c\u00f4t\u00e9s et peut \u00eatre approch\u00e9e des deux c\u00f4t\u00e9s. On peut la franchir en sautant par-dessus le coin et r\u00e9aliser des figures comme des Kick Flips to Fakie, ce qui permet de modifier la direction de 90\u00b0. On peut cependant aussi sauter directement sur un mur ou un rail. Ce produit est compatible avec<br \/>\nK00128 Roof Box 600 1.32m<br \/>\nK00132 Roof Box 600 2.4m.     <\/p>\n","protected":false},"excerpt":{"rendered":"<p>La pyramide \u00e0 2 faces est une extension d&rsquo;une Roof Box. Elle est ferm\u00e9e sur deux c\u00f4t\u00e9s et peut \u00eatre approch\u00e9e des deux c\u00f4t\u00e9s. On peut la franchir en sautant&#8230;<\/p>\n","protected":false},"featured_media":44454,"template":"","meta":[],"product_brand":[],"product_cat":[12118],"product_tag":[],"class_list":{"0":"post-51339","1":"product","2":"type-product","3":"status-publish","4":"has-post-thumbnail","6":"product_cat-module-de-coffre-de-toit-600","8":"first","9":"instock","10":"shipping-taxable","11":"purchasable","12":"product-type-simple"},"_links":{"self":[{"href":"https:\/\/verticaltechnik.ch\/fr\/wp-json\/wp\/v2\/product\/51339","targetHints":{"allow":["GET"]}}],"collection":[{"href":"https:\/\/verticaltechnik.ch\/fr\/wp-json\/wp\/v2\/product"}],"about":[{"href":"https:\/\/verticaltechnik.ch\/fr\/wp-json\/wp\/v2\/types\/product"}],"wp:featuredmedia":[{"embeddable":true,"href":"https:\/\/verticaltechnik.ch\/fr\/wp-json\/wp\/v2\/media\/44454"}],"wp:attachment":[{"href":"https:\/\/verticaltechnik.ch\/fr\/wp-json\/wp\/v2\/media?parent=51339"}],"wp:term":[{"taxonomy":"product_brand","embeddable":true,"href":"https:\/\/verticaltechnik.ch\/fr\/wp-json\/wp\/v2\/product_brand?post=51339"},{"taxonomy":"product_cat","embeddable":true,"href":"https:\/\/verticaltechnik.ch\/fr\/wp-json\/wp\/v2\/product_cat?post=51339"},{"taxonomy":"product_tag","embeddable":true,"href":"https:\/\/verticaltechnik.ch\/fr\/wp-json\/wp\/v2\/product_tag?post=51339"}],"curies":[{"name":"wp","href":"https:\/\/api.w.org\/{rel}","templated":true}]}}