{"id":51370,"date":"2025-08-28T09:52:06","date_gmt":"2025-08-28T09:52:06","guid":{"rendered":"https:\/\/newvt.verticaltechnik.ch\/product\/pyramid-big-600x-3-ledge-rail-f-x-2-2\/"},"modified":"2025-08-28T09:52:06","modified_gmt":"2025-08-28T09:52:06","slug":"pyramid-big-600x-3-ledge-rail-f-x-2-2","status":"publish","type":"product","link":"https:\/\/verticaltechnik.ch\/fr\/produit\/pyramid-big-600x-3-ledge-rail-f-x-2-2\/","title":{"rendered":"Pyramid Big 600x 3 + Ledge + Rail F x 2"},"content":{"rendered":"<p>La Pyramid Big est une extension d&rsquo;une Pandora Box Big. Elle est ferm\u00e9e sur trois c\u00f4t\u00e9s et accessible de tous les c\u00f4t\u00e9s. On peut la franchir en biais et r\u00e9aliser des figures comme des Kick Flips to Fakie, ce qui permet de changer de direction de 90\u00b0. On peut cependant aussi la survoler dans le sens de la longueur, comme une Pandora Box, ou r\u00e9aliser des figures sur des murs et des rails.    <\/p>\n","protected":false},"excerpt":{"rendered":"<p>La Pyramid Big est une extension d&rsquo;une Pandora Box Big. Elle est ferm\u00e9e sur trois c\u00f4t\u00e9s et accessible de tous les c\u00f4t\u00e9s. On peut la franchir en biais et r\u00e9aliser&#8230;<\/p>\n","protected":false},"featured_media":44586,"template":"","meta":[],"product_brand":[],"product_cat":[12136],"product_tag":[],"class_list":{"0":"post-51370","1":"product","2":"type-product","3":"status-publish","4":"has-post-thumbnail","6":"product_cat-pyramides-grand","8":"first","9":"instock","10":"shipping-taxable","11":"purchasable","12":"product-type-simple"},"_links":{"self":[{"href":"https:\/\/verticaltechnik.ch\/fr\/wp-json\/wp\/v2\/product\/51370","targetHints":{"allow":["GET"]}}],"collection":[{"href":"https:\/\/verticaltechnik.ch\/fr\/wp-json\/wp\/v2\/product"}],"about":[{"href":"https:\/\/verticaltechnik.ch\/fr\/wp-json\/wp\/v2\/types\/product"}],"wp:featuredmedia":[{"embeddable":true,"href":"https:\/\/verticaltechnik.ch\/fr\/wp-json\/wp\/v2\/media\/44586"}],"wp:attachment":[{"href":"https:\/\/verticaltechnik.ch\/fr\/wp-json\/wp\/v2\/media?parent=51370"}],"wp:term":[{"taxonomy":"product_brand","embeddable":true,"href":"https:\/\/verticaltechnik.ch\/fr\/wp-json\/wp\/v2\/product_brand?post=51370"},{"taxonomy":"product_cat","embeddable":true,"href":"https:\/\/verticaltechnik.ch\/fr\/wp-json\/wp\/v2\/product_cat?post=51370"},{"taxonomy":"product_tag","embeddable":true,"href":"https:\/\/verticaltechnik.ch\/fr\/wp-json\/wp\/v2\/product_tag?post=51370"}],"curies":[{"name":"wp","href":"https:\/\/api.w.org\/{rel}","templated":true}]}}