{"id":51378,"date":"2025-08-28T10:24:38","date_gmt":"2025-08-28T10:24:38","guid":{"rendered":"https:\/\/newvt.verticaltechnik.ch\/product\/bloc-de-stationnement-granite-b1\/"},"modified":"2025-08-28T10:24:38","modified_gmt":"2025-08-28T10:24:38","slug":"bloc-de-stationnement-granite-b1","status":"publish","type":"product","link":"https:\/\/verticaltechnik.ch\/fr\/produit\/bloc-de-stationnement-granite-b1\/","title":{"rendered":"Bloc de stationnement Granite B1"},"content":{"rendered":"<p>Diff\u00e9rents tricks de slide ou de grind peuvent \u00eatre r\u00e9alis\u00e9s sur le bloc de stationnement Granite. L&rsquo;utilisation du bloc de stationnement Granite est individuelle et peut \u00eatre combin\u00e9e avec d&rsquo;autres modules.  <\/p>\n","protected":false},"excerpt":{"rendered":"<p>Diff\u00e9rents tricks de slide ou de grind peuvent \u00eatre r\u00e9alis\u00e9s sur le bloc de stationnement Granite. L&rsquo;utilisation du bloc de stationnement Granite est individuelle et peut \u00eatre combin\u00e9e avec d&rsquo;autres&#8230;<\/p>\n","protected":false},"featured_media":42998,"template":"","meta":[],"product_brand":[],"product_cat":[11963],"product_tag":[],"class_list":{"0":"post-51378","1":"product","2":"type-product","3":"status-publish","4":"has-post-thumbnail","6":"product_cat-granit","8":"first","9":"instock","10":"shipping-taxable","11":"purchasable","12":"product-type-simple"},"_links":{"self":[{"href":"https:\/\/verticaltechnik.ch\/fr\/wp-json\/wp\/v2\/product\/51378","targetHints":{"allow":["GET"]}}],"collection":[{"href":"https:\/\/verticaltechnik.ch\/fr\/wp-json\/wp\/v2\/product"}],"about":[{"href":"https:\/\/verticaltechnik.ch\/fr\/wp-json\/wp\/v2\/types\/product"}],"wp:featuredmedia":[{"embeddable":true,"href":"https:\/\/verticaltechnik.ch\/fr\/wp-json\/wp\/v2\/media\/42998"}],"wp:attachment":[{"href":"https:\/\/verticaltechnik.ch\/fr\/wp-json\/wp\/v2\/media?parent=51378"}],"wp:term":[{"taxonomy":"product_brand","embeddable":true,"href":"https:\/\/verticaltechnik.ch\/fr\/wp-json\/wp\/v2\/product_brand?post=51378"},{"taxonomy":"product_cat","embeddable":true,"href":"https:\/\/verticaltechnik.ch\/fr\/wp-json\/wp\/v2\/product_cat?post=51378"},{"taxonomy":"product_tag","embeddable":true,"href":"https:\/\/verticaltechnik.ch\/fr\/wp-json\/wp\/v2\/product_tag?post=51378"}],"curies":[{"name":"wp","href":"https:\/\/api.w.org\/{rel}","templated":true}]}}