{"id":51379,"date":"2025-08-28T10:24:32","date_gmt":"2025-08-28T10:24:32","guid":{"rendered":"https:\/\/newvt.verticaltechnik.ch\/product\/recharge-stone-gap\/"},"modified":"2025-08-28T10:24:32","modified_gmt":"2025-08-28T10:24:32","slug":"recharge-stone-gap","status":"publish","type":"product","link":"https:\/\/verticaltechnik.ch\/fr\/product\/recharge-stone-gap\/","title":{"rendered":"Recharge Stone Gap"},"content":{"rendered":"<p>Fermer les joints entre les pierres de granit. Inclut le pon\u00e7age des deux surfaces int\u00e9rieures, le nettoyage du joint, le remplissage avec de la colle bi-composante et le pon\u00e7age \u00e0 plat apr\u00e8s durcissement.  <\/p>\n","protected":false},"excerpt":{"rendered":"<p>Fermer les joints entre les pierres de granit. Inclut le pon\u00e7age des deux surfaces int\u00e9rieures, le nettoyage du joint, le remplissage avec de la colle bi-composante et le pon\u00e7age \u00e0&#8230;<\/p>\n","protected":false},"featured_media":43018,"template":"","meta":[],"product_brand":[],"product_cat":[12183],"product_tag":[],"class_list":{"0":"post-51379","1":"product","2":"type-product","3":"status-publish","4":"has-post-thumbnail","6":"product_cat-reparations","8":"first","9":"instock","10":"shipping-taxable","11":"purchasable","12":"product-type-simple"},"_links":{"self":[{"href":"https:\/\/verticaltechnik.ch\/fr\/wp-json\/wp\/v2\/product\/51379","targetHints":{"allow":["GET"]}}],"collection":[{"href":"https:\/\/verticaltechnik.ch\/fr\/wp-json\/wp\/v2\/product"}],"about":[{"href":"https:\/\/verticaltechnik.ch\/fr\/wp-json\/wp\/v2\/types\/product"}],"wp:featuredmedia":[{"embeddable":true,"href":"https:\/\/verticaltechnik.ch\/fr\/wp-json\/wp\/v2\/media\/43018"}],"wp:attachment":[{"href":"https:\/\/verticaltechnik.ch\/fr\/wp-json\/wp\/v2\/media?parent=51379"}],"wp:term":[{"taxonomy":"product_brand","embeddable":true,"href":"https:\/\/verticaltechnik.ch\/fr\/wp-json\/wp\/v2\/product_brand?post=51379"},{"taxonomy":"product_cat","embeddable":true,"href":"https:\/\/verticaltechnik.ch\/fr\/wp-json\/wp\/v2\/product_cat?post=51379"},{"taxonomy":"product_tag","embeddable":true,"href":"https:\/\/verticaltechnik.ch\/fr\/wp-json\/wp\/v2\/product_tag?post=51379"}],"curies":[{"name":"wp","href":"https:\/\/api.w.org\/{rel}","templated":true}]}}