{"id":51382,"date":"2025-08-28T10:24:30","date_gmt":"2025-08-28T10:24:30","guid":{"rendered":"https:\/\/newvt.verticaltechnik.ch\/product\/echange-1-couvercle-curved-trick-box\/"},"modified":"2025-08-28T10:24:30","modified_gmt":"2025-08-28T10:24:30","slug":"echange-1-couvercle-curved-trick-box","status":"publish","type":"product","link":"https:\/\/verticaltechnik.ch\/fr\/product\/echange-1-couvercle-curved-trick-box\/","title":{"rendered":"\u00c9change 1 couvercle Curved Trick Box"},"content":{"rendered":"<p>D\u00e9montage du coffrage existant \u00e0 l&rsquo;avant de la Curved Trick Box, d&rsquo;environ 3 m de long. D\u00e9coupe, marquage des trous, per\u00e7age, chanfreinage du nouveau coffrage. Montage du nouveau coffrage. Mat\u00e9riel de visserie et \u00e9limination des anciens mat\u00e9riaux inclus.   <\/p>\n","protected":false},"excerpt":{"rendered":"<p>D\u00e9montage du coffrage existant \u00e0 l&rsquo;avant de la Curved Trick Box, d&rsquo;environ 3 m de long. D\u00e9coupe, marquage des trous, per\u00e7age, chanfreinage du nouveau coffrage. Montage du nouveau coffrage. Mat\u00e9riel&#8230;<\/p>\n","protected":false},"featured_media":43026,"template":"","meta":[],"product_brand":[],"product_cat":[12025],"product_tag":[],"class_list":{"0":"post-51382","1":"product","2":"type-product","3":"status-publish","4":"has-post-thumbnail","6":"product_cat-remplacement-du-coffrage","8":"first","9":"instock","10":"shipping-taxable","11":"purchasable","12":"product-type-simple"},"_links":{"self":[{"href":"https:\/\/verticaltechnik.ch\/fr\/wp-json\/wp\/v2\/product\/51382","targetHints":{"allow":["GET"]}}],"collection":[{"href":"https:\/\/verticaltechnik.ch\/fr\/wp-json\/wp\/v2\/product"}],"about":[{"href":"https:\/\/verticaltechnik.ch\/fr\/wp-json\/wp\/v2\/types\/product"}],"wp:featuredmedia":[{"embeddable":true,"href":"https:\/\/verticaltechnik.ch\/fr\/wp-json\/wp\/v2\/media\/43026"}],"wp:attachment":[{"href":"https:\/\/verticaltechnik.ch\/fr\/wp-json\/wp\/v2\/media?parent=51382"}],"wp:term":[{"taxonomy":"product_brand","embeddable":true,"href":"https:\/\/verticaltechnik.ch\/fr\/wp-json\/wp\/v2\/product_brand?post=51382"},{"taxonomy":"product_cat","embeddable":true,"href":"https:\/\/verticaltechnik.ch\/fr\/wp-json\/wp\/v2\/product_cat?post=51382"},{"taxonomy":"product_tag","embeddable":true,"href":"https:\/\/verticaltechnik.ch\/fr\/wp-json\/wp\/v2\/product_tag?post=51382"}],"curies":[{"name":"wp","href":"https:\/\/api.w.org\/{rel}","templated":true}]}}