{"id":51383,"date":"2025-08-28T10:24:37","date_gmt":"2025-08-28T10:24:37","guid":{"rendered":"https:\/\/newvt.verticaltechnik.ch\/product\/remplacement-du-film-de-contreplaque-sous-la-surface-de-roulement\/"},"modified":"2025-08-28T10:24:37","modified_gmt":"2025-08-28T10:24:37","slug":"remplacement-du-film-de-contreplaque-sous-la-surface-de-roulement","status":"publish","type":"product","link":"https:\/\/verticaltechnik.ch\/fr\/product\/remplacement-du-film-de-contreplaque-sous-la-surface-de-roulement\/","title":{"rendered":"Remplacement du film de contreplaqu\u00e9 sous la surface de roulement"},"content":{"rendered":"<p>Remplacement du rev\u00eatement inf\u00e9rieur Contreplaqu\u00e9 film\u00e9&nbsp;: Mesurer, couper, marquer, percer, fraiser, plaque de contreplaqu\u00e9 pour rev\u00eatement inf\u00e9rieur, y compris la peinture des bords avec Solarit <\/p>\n","protected":false},"excerpt":{"rendered":"<p>Remplacement du rev\u00eatement inf\u00e9rieur Contreplaqu\u00e9 film\u00e9&nbsp;: Mesurer, couper, marquer, percer, fraiser, plaque de contreplaqu\u00e9 pour rev\u00eatement inf\u00e9rieur, y compris la peinture des bords avec Solarit<\/p>\n","protected":false},"featured_media":43002,"template":"","meta":[],"product_brand":[],"product_cat":[11993],"product_tag":[],"class_list":{"0":"post-51383","1":"product","2":"type-product","3":"status-publish","4":"has-post-thumbnail","6":"product_cat-revisions","8":"first","9":"instock","10":"shipping-taxable","11":"purchasable","12":"product-type-simple"},"_links":{"self":[{"href":"https:\/\/verticaltechnik.ch\/fr\/wp-json\/wp\/v2\/product\/51383","targetHints":{"allow":["GET"]}}],"collection":[{"href":"https:\/\/verticaltechnik.ch\/fr\/wp-json\/wp\/v2\/product"}],"about":[{"href":"https:\/\/verticaltechnik.ch\/fr\/wp-json\/wp\/v2\/types\/product"}],"wp:featuredmedia":[{"embeddable":true,"href":"https:\/\/verticaltechnik.ch\/fr\/wp-json\/wp\/v2\/media\/43002"}],"wp:attachment":[{"href":"https:\/\/verticaltechnik.ch\/fr\/wp-json\/wp\/v2\/media?parent=51383"}],"wp:term":[{"taxonomy":"product_brand","embeddable":true,"href":"https:\/\/verticaltechnik.ch\/fr\/wp-json\/wp\/v2\/product_brand?post=51383"},{"taxonomy":"product_cat","embeddable":true,"href":"https:\/\/verticaltechnik.ch\/fr\/wp-json\/wp\/v2\/product_cat?post=51383"},{"taxonomy":"product_tag","embeddable":true,"href":"https:\/\/verticaltechnik.ch\/fr\/wp-json\/wp\/v2\/product_tag?post=51383"}],"curies":[{"name":"wp","href":"https:\/\/api.w.org\/{rel}","templated":true}]}}