{"id":51390,"date":"2025-08-28T10:17:51","date_gmt":"2025-08-28T10:17:51","guid":{"rendered":"https:\/\/newvt.verticaltechnik.ch\/product\/bache-de-recouvrement\/"},"modified":"2025-08-28T10:17:51","modified_gmt":"2025-08-28T10:17:51","slug":"bache-de-recouvrement","status":"publish","type":"product","link":"https:\/\/verticaltechnik.ch\/fr\/produit\/bache-de-recouvrement\/","title":{"rendered":"B\u00e2che de recouvrement"},"content":{"rendered":"<p>B\u00e2che tiss\u00e9e&nbsp;: qualit\u00e9 du mat\u00e9riau 140&nbsp;g\/m\u00b2, 6&nbsp;x&nbsp;8&nbsp;m, r\u00e9sistante aux intemp\u00e9ries, ind\u00e9chirable, \u00e9tanche \u00e0 l\u2019eau et \u00e0 la poussi\u00e8re, \u0153illets inoxydables.<\/p>\n","protected":false},"excerpt":{"rendered":"<p>B\u00e2che tiss\u00e9e&nbsp;: qualit\u00e9 du mat\u00e9riau 140&nbsp;g\/m\u00b2, 6&nbsp;x&nbsp;8&nbsp;m, r\u00e9sistante aux intemp\u00e9ries, ind\u00e9chirable, \u00e9tanche \u00e0 l\u2019eau et \u00e0 la poussi\u00e8re, \u0153illets inoxydables.<\/p>\n","protected":false},"featured_media":43358,"template":"","meta":[],"product_brand":[],"product_cat":[12169],"product_tag":[],"class_list":{"0":"post-51390","1":"product","2":"type-product","3":"status-publish","4":"has-post-thumbnail","6":"product_cat-rampes-a-faire-soi-meme","8":"first","9":"instock","10":"shipping-taxable","11":"purchasable","12":"product-type-simple"},"_links":{"self":[{"href":"https:\/\/verticaltechnik.ch\/fr\/wp-json\/wp\/v2\/product\/51390","targetHints":{"allow":["GET"]}}],"collection":[{"href":"https:\/\/verticaltechnik.ch\/fr\/wp-json\/wp\/v2\/product"}],"about":[{"href":"https:\/\/verticaltechnik.ch\/fr\/wp-json\/wp\/v2\/types\/product"}],"wp:featuredmedia":[{"embeddable":true,"href":"https:\/\/verticaltechnik.ch\/fr\/wp-json\/wp\/v2\/media\/43358"}],"wp:attachment":[{"href":"https:\/\/verticaltechnik.ch\/fr\/wp-json\/wp\/v2\/media?parent=51390"}],"wp:term":[{"taxonomy":"product_brand","embeddable":true,"href":"https:\/\/verticaltechnik.ch\/fr\/wp-json\/wp\/v2\/product_brand?post=51390"},{"taxonomy":"product_cat","embeddable":true,"href":"https:\/\/verticaltechnik.ch\/fr\/wp-json\/wp\/v2\/product_cat?post=51390"},{"taxonomy":"product_tag","embeddable":true,"href":"https:\/\/verticaltechnik.ch\/fr\/wp-json\/wp\/v2\/product_tag?post=51390"}],"curies":[{"name":"wp","href":"https:\/\/api.w.org\/{rel}","templated":true}]}}