{"id":51415,"date":"2025-08-28T10:10:46","date_gmt":"2025-08-28T10:10:46","guid":{"rendered":"https:\/\/newvt.verticaltechnik.ch\/product\/boitier-pour-coffre-de-toit-600\/"},"modified":"2025-08-28T10:10:46","modified_gmt":"2025-08-28T10:10:46","slug":"boitier-pour-coffre-de-toit-600","status":"publish","type":"product","link":"https:\/\/verticaltechnik.ch\/fr\/produit\/boitier-pour-coffre-de-toit-600\/","title":{"rendered":"Bo\u00eetier pour coffre de toit 600"},"content":{"rendered":"<p>Les rev\u00eatements emp\u00eachent l\u2019accumulation de d\u00e9chets sous les skateparks. Les fentes d\u2019a\u00e9ration servent \u00e0 la circulation de l\u2019air. Ce produit est compatible avec K00128.  <\/p>\n","protected":false},"excerpt":{"rendered":"<p>Les rev\u00eatements emp\u00eachent l\u2019accumulation de d\u00e9chets sous les skateparks. Les fentes d\u2019a\u00e9ration servent \u00e0 la circulation de l\u2019air. Ce produit est compatible avec K00128.<\/p>\n","protected":false},"featured_media":43678,"template":"","meta":[],"product_brand":[],"product_cat":[11935],"product_tag":[],"class_list":{"0":"post-51415","1":"product","2":"type-product","3":"status-publish","4":"has-post-thumbnail","6":"product_cat-module","8":"first","9":"instock","10":"shipping-taxable","11":"purchasable","12":"product-type-simple"},"_links":{"self":[{"href":"https:\/\/verticaltechnik.ch\/fr\/wp-json\/wp\/v2\/product\/51415","targetHints":{"allow":["GET"]}}],"collection":[{"href":"https:\/\/verticaltechnik.ch\/fr\/wp-json\/wp\/v2\/product"}],"about":[{"href":"https:\/\/verticaltechnik.ch\/fr\/wp-json\/wp\/v2\/types\/product"}],"wp:featuredmedia":[{"embeddable":true,"href":"https:\/\/verticaltechnik.ch\/fr\/wp-json\/wp\/v2\/media\/43678"}],"wp:attachment":[{"href":"https:\/\/verticaltechnik.ch\/fr\/wp-json\/wp\/v2\/media?parent=51415"}],"wp:term":[{"taxonomy":"product_brand","embeddable":true,"href":"https:\/\/verticaltechnik.ch\/fr\/wp-json\/wp\/v2\/product_brand?post=51415"},{"taxonomy":"product_cat","embeddable":true,"href":"https:\/\/verticaltechnik.ch\/fr\/wp-json\/wp\/v2\/product_cat?post=51415"},{"taxonomy":"product_tag","embeddable":true,"href":"https:\/\/verticaltechnik.ch\/fr\/wp-json\/wp\/v2\/product_tag?post=51415"}],"curies":[{"name":"wp","href":"https:\/\/api.w.org\/{rel}","templated":true}]}}