{"id":51416,"date":"2025-08-28T10:10:42","date_gmt":"2025-08-28T10:10:42","guid":{"rendered":"https:\/\/newvt.verticaltechnik.ch\/product\/enclosure-for-pandora-box-scooter-step-up-1500\/"},"modified":"2025-08-28T10:10:42","modified_gmt":"2025-08-28T10:10:42","slug":"enclosure-for-pandora-box-scooter-step-up-1500","status":"publish","type":"product","link":"https:\/\/verticaltechnik.ch\/fr\/produit\/enclosure-for-pandora-box-scooter-step-up-1500\/","title":{"rendered":"Enclosure for Pandora Box Scooter Step Up 1500"},"content":{"rendered":"<p>Les habillages emp\u00eachent le d\u00e9p\u00f4t de d\u00e9chets sous les installations de skate. L&rsquo;habillage est \u00e9quip\u00e9 d&rsquo;une trappe de service. Une porte de service verrouillable peut \u00e9galement \u00eatre install\u00e9e en option. Des fentes d&rsquo;a\u00e9ration servent \u00e0 la circulation de l&rsquo;air. Ce produit est compatible avec K00585.    <\/p>\n","protected":false},"excerpt":{"rendered":"<p>Les habillages emp\u00eachent le d\u00e9p\u00f4t de d\u00e9chets sous les installations de skate. L&rsquo;habillage est \u00e9quip\u00e9 d&rsquo;une trappe de service. Une porte de service verrouillable peut \u00e9galement \u00eatre install\u00e9e en option&#8230;.<\/p>\n","protected":false},"featured_media":43690,"template":"","meta":[],"product_brand":[],"product_cat":[11935],"product_tag":[],"class_list":{"0":"post-51416","1":"product","2":"type-product","3":"status-publish","4":"has-post-thumbnail","6":"product_cat-module","8":"first","9":"instock","10":"shipping-taxable","11":"purchasable","12":"product-type-simple"},"_links":{"self":[{"href":"https:\/\/verticaltechnik.ch\/fr\/wp-json\/wp\/v2\/product\/51416","targetHints":{"allow":["GET"]}}],"collection":[{"href":"https:\/\/verticaltechnik.ch\/fr\/wp-json\/wp\/v2\/product"}],"about":[{"href":"https:\/\/verticaltechnik.ch\/fr\/wp-json\/wp\/v2\/types\/product"}],"wp:featuredmedia":[{"embeddable":true,"href":"https:\/\/verticaltechnik.ch\/fr\/wp-json\/wp\/v2\/media\/43690"}],"wp:attachment":[{"href":"https:\/\/verticaltechnik.ch\/fr\/wp-json\/wp\/v2\/media?parent=51416"}],"wp:term":[{"taxonomy":"product_brand","embeddable":true,"href":"https:\/\/verticaltechnik.ch\/fr\/wp-json\/wp\/v2\/product_brand?post=51416"},{"taxonomy":"product_cat","embeddable":true,"href":"https:\/\/verticaltechnik.ch\/fr\/wp-json\/wp\/v2\/product_cat?post=51416"},{"taxonomy":"product_tag","embeddable":true,"href":"https:\/\/verticaltechnik.ch\/fr\/wp-json\/wp\/v2\/product_tag?post=51416"}],"curies":[{"name":"wp","href":"https:\/\/api.w.org\/{rel}","templated":true}]}}