{"id":51423,"date":"2025-08-28T10:10:43","date_gmt":"2025-08-28T10:10:43","guid":{"rendered":"https:\/\/newvt.verticaltechnik.ch\/product\/boitier-pour-pandora-box-step-up-2500\/"},"modified":"2025-08-28T10:10:43","modified_gmt":"2025-08-28T10:10:43","slug":"boitier-pour-pandora-box-step-up-2500","status":"publish","type":"product","link":"https:\/\/verticaltechnik.ch\/fr\/product\/boitier-pour-pandora-box-step-up-2500\/","title":{"rendered":"Bo\u00eetier pour Pandora Box Step Up 2500"},"content":{"rendered":"<p>Les bo\u00eetiers emp\u00eachent l\u2019accumulation de d\u00e9chets sous les installations de skate. Le bo\u00eetier est \u00e9quip\u00e9 d\u2019une trappe de service. Une porte de service verrouillable peut \u00e9galement \u00eatre install\u00e9e en option. Des fentes d\u2019a\u00e9ration servent \u00e0 la circulation de l\u2019air. Ce produit est compatible avec K00567.    <\/p>\n","protected":false},"excerpt":{"rendered":"<p>Les bo\u00eetiers emp\u00eachent l\u2019accumulation de d\u00e9chets sous les installations de skate. Le bo\u00eetier est \u00e9quip\u00e9 d\u2019une trappe de service. Une porte de service verrouillable peut \u00e9galement \u00eatre install\u00e9e en option&#8230;.<\/p>\n","protected":false},"featured_media":43686,"template":"","meta":[],"product_brand":[],"product_cat":[11935],"product_tag":[],"class_list":{"0":"post-51423","1":"product","2":"type-product","3":"status-publish","4":"has-post-thumbnail","6":"product_cat-module","8":"first","9":"instock","10":"shipping-taxable","11":"purchasable","12":"product-type-simple"},"_links":{"self":[{"href":"https:\/\/verticaltechnik.ch\/fr\/wp-json\/wp\/v2\/product\/51423","targetHints":{"allow":["GET"]}}],"collection":[{"href":"https:\/\/verticaltechnik.ch\/fr\/wp-json\/wp\/v2\/product"}],"about":[{"href":"https:\/\/verticaltechnik.ch\/fr\/wp-json\/wp\/v2\/types\/product"}],"wp:featuredmedia":[{"embeddable":true,"href":"https:\/\/verticaltechnik.ch\/fr\/wp-json\/wp\/v2\/media\/43686"}],"wp:attachment":[{"href":"https:\/\/verticaltechnik.ch\/fr\/wp-json\/wp\/v2\/media?parent=51423"}],"wp:term":[{"taxonomy":"product_brand","embeddable":true,"href":"https:\/\/verticaltechnik.ch\/fr\/wp-json\/wp\/v2\/product_brand?post=51423"},{"taxonomy":"product_cat","embeddable":true,"href":"https:\/\/verticaltechnik.ch\/fr\/wp-json\/wp\/v2\/product_cat?post=51423"},{"taxonomy":"product_tag","embeddable":true,"href":"https:\/\/verticaltechnik.ch\/fr\/wp-json\/wp\/v2\/product_tag?post=51423"}],"curies":[{"name":"wp","href":"https:\/\/api.w.org\/{rel}","templated":true}]}}