{"id":51424,"date":"2025-08-28T10:10:38","date_gmt":"2025-08-28T10:10:38","guid":{"rendered":"https:\/\/newvt.verticaltechnik.ch\/product\/enclosure-for-bank-1500-30-6m-combo-quarterpipe-1200-1-5m\/"},"modified":"2025-08-28T10:10:38","modified_gmt":"2025-08-28T10:10:38","slug":"enclosure-for-bank-1500-30-6m-combo-quarterpipe-1200-1-5m","status":"publish","type":"product","link":"https:\/\/verticaltechnik.ch\/fr\/produit\/enclosure-for-bank-1500-30-6m-combo-quarterpipe-1200-1-5m\/","title":{"rendered":"Enclosure for Bank 1500 30\u00b0 6m Combo Quarterpipe 1200 1.5m"},"content":{"rendered":"<p>Les habillages emp\u00eachent le d\u00e9p\u00f4t de d\u00e9chets sous les installations de skate. L&rsquo;habillage est \u00e9quip\u00e9 d&rsquo;une trappe de service. Une porte de service verrouillable peut \u00e9galement \u00eatre install\u00e9e en option. Des fentes d&rsquo;a\u00e9ration servent \u00e0 la circulation de l&rsquo;air. Ce produit est compatible avec K00110.    <\/p>\n","protected":false},"excerpt":{"rendered":"<p>Les habillages emp\u00eachent le d\u00e9p\u00f4t de d\u00e9chets sous les installations de skate. L&rsquo;habillage est \u00e9quip\u00e9 d&rsquo;une trappe de service. Une porte de service verrouillable peut \u00e9galement \u00eatre install\u00e9e en option&#8230;.<\/p>\n","protected":false},"featured_media":43706,"template":"","meta":[],"product_brand":[],"product_cat":[11935],"product_tag":[],"class_list":{"0":"post-51424","1":"product","2":"type-product","3":"status-publish","4":"has-post-thumbnail","6":"product_cat-module","8":"first","9":"instock","10":"shipping-taxable","11":"purchasable","12":"product-type-simple"},"_links":{"self":[{"href":"https:\/\/verticaltechnik.ch\/fr\/wp-json\/wp\/v2\/product\/51424","targetHints":{"allow":["GET"]}}],"collection":[{"href":"https:\/\/verticaltechnik.ch\/fr\/wp-json\/wp\/v2\/product"}],"about":[{"href":"https:\/\/verticaltechnik.ch\/fr\/wp-json\/wp\/v2\/types\/product"}],"wp:featuredmedia":[{"embeddable":true,"href":"https:\/\/verticaltechnik.ch\/fr\/wp-json\/wp\/v2\/media\/43706"}],"wp:attachment":[{"href":"https:\/\/verticaltechnik.ch\/fr\/wp-json\/wp\/v2\/media?parent=51424"}],"wp:term":[{"taxonomy":"product_brand","embeddable":true,"href":"https:\/\/verticaltechnik.ch\/fr\/wp-json\/wp\/v2\/product_brand?post=51424"},{"taxonomy":"product_cat","embeddable":true,"href":"https:\/\/verticaltechnik.ch\/fr\/wp-json\/wp\/v2\/product_cat?post=51424"},{"taxonomy":"product_tag","embeddable":true,"href":"https:\/\/verticaltechnik.ch\/fr\/wp-json\/wp\/v2\/product_tag?post=51424"}],"curies":[{"name":"wp","href":"https:\/\/api.w.org\/{rel}","templated":true}]}}