{"id":51444,"date":"2025-08-28T10:09:37","date_gmt":"2025-08-28T10:09:37","guid":{"rendered":"https:\/\/newvt.verticaltechnik.ch\/product\/enceinte-pour-bank-950-25-2-x-2-64m-hip-30-avec-rambarde\/"},"modified":"2025-08-28T10:09:37","modified_gmt":"2025-08-28T10:09:37","slug":"enceinte-pour-bank-950-25-2-x-2-64m-hip-30-avec-rambarde","status":"publish","type":"product","link":"https:\/\/verticaltechnik.ch\/fr\/produit\/enceinte-pour-bank-950-25-2-x-2-64m-hip-30-avec-rambarde\/","title":{"rendered":"Enceinte pour Bank 950 25\u00b0 2 x 2.64m Hip 30\u00b0 avec rambarde"},"content":{"rendered":"<p>Les coffrages emp\u00eachent l\u2019accumulation de d\u00e9chets sous les skateparks. Le coffrage est \u00e9quip\u00e9 d\u2019une trappe de service. Une porte de service verrouillable peut \u00e9galement \u00eatre install\u00e9e en option. Les fentes d\u2019a\u00e9ration servent \u00e0 la circulation de l\u2019air. Ce produit est compatible avec K02045    <\/p>\n","protected":false},"excerpt":{"rendered":"<p>Les coffrages emp\u00eachent l\u2019accumulation de d\u00e9chets sous les skateparks. Le coffrage est \u00e9quip\u00e9 d\u2019une trappe de service. Une porte de service verrouillable peut \u00e9galement \u00eatre install\u00e9e en option. Les fentes&#8230;<\/p>\n","protected":false},"featured_media":43754,"template":"","meta":[],"product_brand":[],"product_cat":[11935],"product_tag":[],"class_list":{"0":"post-51444","1":"product","2":"type-product","3":"status-publish","4":"has-post-thumbnail","6":"product_cat-module","8":"first","9":"instock","10":"shipping-taxable","11":"purchasable","12":"product-type-simple"},"_links":{"self":[{"href":"https:\/\/verticaltechnik.ch\/fr\/wp-json\/wp\/v2\/product\/51444","targetHints":{"allow":["GET"]}}],"collection":[{"href":"https:\/\/verticaltechnik.ch\/fr\/wp-json\/wp\/v2\/product"}],"about":[{"href":"https:\/\/verticaltechnik.ch\/fr\/wp-json\/wp\/v2\/types\/product"}],"wp:featuredmedia":[{"embeddable":true,"href":"https:\/\/verticaltechnik.ch\/fr\/wp-json\/wp\/v2\/media\/43754"}],"wp:attachment":[{"href":"https:\/\/verticaltechnik.ch\/fr\/wp-json\/wp\/v2\/media?parent=51444"}],"wp:term":[{"taxonomy":"product_brand","embeddable":true,"href":"https:\/\/verticaltechnik.ch\/fr\/wp-json\/wp\/v2\/product_brand?post=51444"},{"taxonomy":"product_cat","embeddable":true,"href":"https:\/\/verticaltechnik.ch\/fr\/wp-json\/wp\/v2\/product_cat?post=51444"},{"taxonomy":"product_tag","embeddable":true,"href":"https:\/\/verticaltechnik.ch\/fr\/wp-json\/wp\/v2\/product_tag?post=51444"}],"curies":[{"name":"wp","href":"https:\/\/api.w.org\/{rel}","templated":true}]}}