{"id":51458,"date":"2025-08-28T10:08:37","date_gmt":"2025-08-28T10:08:37","guid":{"rendered":"https:\/\/newvt.verticaltechnik.ch\/product\/left-extension-500-1-5m\/"},"modified":"2025-08-28T10:08:37","modified_gmt":"2025-08-28T10:08:37","slug":"left-extension-500-1-5m","status":"publish","type":"product","link":"https:\/\/verticaltechnik.ch\/fr\/produit\/left-extension-500-1-5m\/","title":{"rendered":"Left Extension 500 1.5m"},"content":{"rendered":"<p>Une extension est une augmentation de la plateforme d&rsquo;une microrampe, d&rsquo;une minirampe ou d&rsquo;un half-pipe. Elle sert \u00e0 prendre plus d&rsquo;\u00e9lan et \u00e0 cr\u00e9er un niveau de difficult\u00e9 plus \u00e9lev\u00e9 pour certains tricks. L&rsquo;installation d&rsquo;une extension n\u00e9cessite une augmentation de la rambarde. Ce produit est compatible avec K00344.   <\/p>\n","protected":false},"excerpt":{"rendered":"<p>Une extension est une augmentation de la plateforme d&rsquo;une microrampe, d&rsquo;une minirampe ou d&rsquo;un half-pipe. Elle sert \u00e0 prendre plus d&rsquo;\u00e9lan et \u00e0 cr\u00e9er un niveau de difficult\u00e9 plus \u00e9lev\u00e9&#8230;<\/p>\n","protected":false},"featured_media":43802,"template":"","meta":[],"product_brand":[],"product_cat":[12127],"product_tag":[],"class_list":{"0":"post-51458","1":"product","2":"type-product","3":"status-publish","4":"has-post-thumbnail","6":"product_cat-extension","8":"first","9":"instock","10":"shipping-taxable","11":"purchasable","12":"product-type-simple"},"_links":{"self":[{"href":"https:\/\/verticaltechnik.ch\/fr\/wp-json\/wp\/v2\/product\/51458","targetHints":{"allow":["GET"]}}],"collection":[{"href":"https:\/\/verticaltechnik.ch\/fr\/wp-json\/wp\/v2\/product"}],"about":[{"href":"https:\/\/verticaltechnik.ch\/fr\/wp-json\/wp\/v2\/types\/product"}],"wp:featuredmedia":[{"embeddable":true,"href":"https:\/\/verticaltechnik.ch\/fr\/wp-json\/wp\/v2\/media\/43802"}],"wp:attachment":[{"href":"https:\/\/verticaltechnik.ch\/fr\/wp-json\/wp\/v2\/media?parent=51458"}],"wp:term":[{"taxonomy":"product_brand","embeddable":true,"href":"https:\/\/verticaltechnik.ch\/fr\/wp-json\/wp\/v2\/product_brand?post=51458"},{"taxonomy":"product_cat","embeddable":true,"href":"https:\/\/verticaltechnik.ch\/fr\/wp-json\/wp\/v2\/product_cat?post=51458"},{"taxonomy":"product_tag","embeddable":true,"href":"https:\/\/verticaltechnik.ch\/fr\/wp-json\/wp\/v2\/product_tag?post=51458"}],"curies":[{"name":"wp","href":"https:\/\/api.w.org\/{rel}","templated":true}]}}