{"id":51461,"date":"2025-08-28T10:08:41","date_gmt":"2025-08-28T10:08:41","guid":{"rendered":"https:\/\/newvt.verticaltechnik.ch\/product\/cloture-pour-passage-handicape\/"},"modified":"2025-08-28T10:08:41","modified_gmt":"2025-08-28T10:08:41","slug":"cloture-pour-passage-handicape","status":"publish","type":"product","link":"https:\/\/verticaltechnik.ch\/fr\/produit\/cloture-pour-passage-handicape\/","title":{"rendered":"Cl\u00f4ture pour passage handicap\u00e9"},"content":{"rendered":"<p>Les coffrages emp\u00eachent l\u2019accumulation de d\u00e9chets sous les skateparks. Les fentes d\u2019a\u00e9ration servent \u00e0 la circulation de l\u2019air. Ce produit est compatible avec K00594.  <\/p>\n","protected":false},"excerpt":{"rendered":"<p>Les coffrages emp\u00eachent l\u2019accumulation de d\u00e9chets sous les skateparks. Les fentes d\u2019a\u00e9ration servent \u00e0 la circulation de l\u2019air. Ce produit est compatible avec K00594.<\/p>\n","protected":false},"featured_media":43786,"template":"","meta":[],"product_brand":[],"product_cat":[12282],"product_tag":[],"class_list":{"0":"post-51461","1":"product","2":"type-product","3":"status-publish","4":"has-post-thumbnail","6":"product_cat-petits-modules-2","8":"first","9":"instock","10":"shipping-taxable","11":"purchasable","12":"product-type-simple"},"_links":{"self":[{"href":"https:\/\/verticaltechnik.ch\/fr\/wp-json\/wp\/v2\/product\/51461","targetHints":{"allow":["GET"]}}],"collection":[{"href":"https:\/\/verticaltechnik.ch\/fr\/wp-json\/wp\/v2\/product"}],"about":[{"href":"https:\/\/verticaltechnik.ch\/fr\/wp-json\/wp\/v2\/types\/product"}],"wp:featuredmedia":[{"embeddable":true,"href":"https:\/\/verticaltechnik.ch\/fr\/wp-json\/wp\/v2\/media\/43786"}],"wp:attachment":[{"href":"https:\/\/verticaltechnik.ch\/fr\/wp-json\/wp\/v2\/media?parent=51461"}],"wp:term":[{"taxonomy":"product_brand","embeddable":true,"href":"https:\/\/verticaltechnik.ch\/fr\/wp-json\/wp\/v2\/product_brand?post=51461"},{"taxonomy":"product_cat","embeddable":true,"href":"https:\/\/verticaltechnik.ch\/fr\/wp-json\/wp\/v2\/product_cat?post=51461"},{"taxonomy":"product_tag","embeddable":true,"href":"https:\/\/verticaltechnik.ch\/fr\/wp-json\/wp\/v2\/product_tag?post=51461"}],"curies":[{"name":"wp","href":"https:\/\/api.w.org\/{rel}","templated":true}]}}