{"id":51463,"date":"2025-08-28T10:08:34","date_gmt":"2025-08-28T10:08:34","guid":{"rendered":"https:\/\/newvt.verticaltechnik.ch\/product\/halfpipe-kingsize-4-4500-15m\/"},"modified":"2025-08-28T10:08:34","modified_gmt":"2025-08-28T10:08:34","slug":"halfpipe-kingsize-4-4500-15m","status":"publish","type":"product","link":"https:\/\/verticaltechnik.ch\/fr\/product\/halfpipe-kingsize-4-4500-15m\/","title":{"rendered":"Halfpipe \u00ab Kingsize 4 \u00bb 4500 15m"},"content":{"rendered":"<p>Une half-pipe est une installation de skate avec une partie plate entre deux arrondis de 90\u00b0 chacun. L&rsquo;extr\u00e9mit\u00e9 de l&rsquo;arrondi est con\u00e7ue comme une partie verticale qui se termine sous le coping. Une plateforme est fix\u00e9e de chaque c\u00f4t\u00e9. Ce module sert \u00e0 faire des allers-retours et \u00e0 r\u00e9aliser entre autres des figures comme des grinds, des airs, des kick-flips ou des tailslides sur le coping. Sur une half-pipe, il est surtout possible de r\u00e9aliser des airs spectaculaires, o\u00f9 souvent le rider ou le skateboard sont en rotation dans les airs. Ce produit est compatible avec K00340.     <\/p>\n","protected":false},"excerpt":{"rendered":"<p>Une half-pipe est une installation de skate avec une partie plate entre deux arrondis de 90\u00b0 chacun. L&rsquo;extr\u00e9mit\u00e9 de l&rsquo;arrondi est con\u00e7ue comme une partie verticale qui se termine sous&#8230;<\/p>\n","protected":false},"featured_media":43810,"template":"","meta":[],"product_brand":[],"product_cat":[12283],"product_tag":[],"class_list":{"0":"post-51463","1":"product","2":"type-product","3":"status-publish","4":"has-post-thumbnail","6":"product_cat-halfpipe","8":"first","9":"instock","10":"shipping-taxable","11":"purchasable","12":"product-type-simple"},"_links":{"self":[{"href":"https:\/\/verticaltechnik.ch\/fr\/wp-json\/wp\/v2\/product\/51463","targetHints":{"allow":["GET"]}}],"collection":[{"href":"https:\/\/verticaltechnik.ch\/fr\/wp-json\/wp\/v2\/product"}],"about":[{"href":"https:\/\/verticaltechnik.ch\/fr\/wp-json\/wp\/v2\/types\/product"}],"wp:featuredmedia":[{"embeddable":true,"href":"https:\/\/verticaltechnik.ch\/fr\/wp-json\/wp\/v2\/media\/43810"}],"wp:attachment":[{"href":"https:\/\/verticaltechnik.ch\/fr\/wp-json\/wp\/v2\/media?parent=51463"}],"wp:term":[{"taxonomy":"product_brand","embeddable":true,"href":"https:\/\/verticaltechnik.ch\/fr\/wp-json\/wp\/v2\/product_brand?post=51463"},{"taxonomy":"product_cat","embeddable":true,"href":"https:\/\/verticaltechnik.ch\/fr\/wp-json\/wp\/v2\/product_cat?post=51463"},{"taxonomy":"product_tag","embeddable":true,"href":"https:\/\/verticaltechnik.ch\/fr\/wp-json\/wp\/v2\/product_tag?post=51463"}],"curies":[{"name":"wp","href":"https:\/\/api.w.org\/{rel}","templated":true}]}}