{"id":51511,"date":"2025-08-28T10:32:11","date_gmt":"2025-08-28T10:32:11","guid":{"rendered":"https:\/\/newvt.verticaltechnik.ch\/product\/reparation-dasphalte-1-a-20-m2\/"},"modified":"2026-01-20T12:52:23","modified_gmt":"2026-01-20T12:52:23","slug":"reparation-dasphalte-1-a-20-m2","status":"publish","type":"product","link":"https:\/\/verticaltechnik.ch\/fr\/produit\/reparation-dasphalte-1-a-20-m2\/","title":{"rendered":"R\u00e9paration d&rsquo;asphalte (1 \u00e0 20 m2)"},"content":{"rendered":"<p>Installation du chantier, travaux pr\u00e9paratoires pour la r\u00e9paration d&rsquo;asphalte, brossage des cavit\u00e9s, aspiration, s\u00e9chage, remplissage des cavit\u00e9s, pon\u00e7age, nettoyage et \u00e9limination de la poussi\u00e8re de pon\u00e7age.<\/p>\n","protected":false},"excerpt":{"rendered":"<p>Installation du chantier, travaux pr\u00e9paratoires pour la r\u00e9paration d&rsquo;asphalte, brossage des cavit\u00e9s, aspiration, s\u00e9chage, remplissage des cavit\u00e9s, pon\u00e7age, nettoyage et \u00e9limination de la poussi\u00e8re de pon\u00e7age.<\/p>\n","protected":false},"featured_media":57763,"template":"","meta":[],"product_brand":[],"product_cat":[12183,11766],"product_tag":[],"class_list":{"0":"post-51511","1":"product","2":"type-product","3":"status-publish","4":"has-post-thumbnail","6":"product_cat-reparations","7":"product_cat-skateparks-en-beton","9":"first","10":"instock","11":"shipping-taxable","12":"purchasable","13":"product-type-simple"},"_links":{"self":[{"href":"https:\/\/verticaltechnik.ch\/fr\/wp-json\/wp\/v2\/product\/51511","targetHints":{"allow":["GET"]}}],"collection":[{"href":"https:\/\/verticaltechnik.ch\/fr\/wp-json\/wp\/v2\/product"}],"about":[{"href":"https:\/\/verticaltechnik.ch\/fr\/wp-json\/wp\/v2\/types\/product"}],"wp:featuredmedia":[{"embeddable":true,"href":"https:\/\/verticaltechnik.ch\/fr\/wp-json\/wp\/v2\/media\/57763"}],"wp:attachment":[{"href":"https:\/\/verticaltechnik.ch\/fr\/wp-json\/wp\/v2\/media?parent=51511"}],"wp:term":[{"taxonomy":"product_brand","embeddable":true,"href":"https:\/\/verticaltechnik.ch\/fr\/wp-json\/wp\/v2\/product_brand?post=51511"},{"taxonomy":"product_cat","embeddable":true,"href":"https:\/\/verticaltechnik.ch\/fr\/wp-json\/wp\/v2\/product_cat?post=51511"},{"taxonomy":"product_tag","embeddable":true,"href":"https:\/\/verticaltechnik.ch\/fr\/wp-json\/wp\/v2\/product_tag?post=51511"}],"curies":[{"name":"wp","href":"https:\/\/api.w.org\/{rel}","templated":true}]}}