{"id":51512,"date":"2025-08-28T10:32:08","date_gmt":"2025-08-28T10:32:08","guid":{"rendered":"https:\/\/newvt.verticaltechnik.ch\/product\/bac-a-plantes-avec-bordure-en-granit\/"},"modified":"2026-03-17T14:01:15","modified_gmt":"2026-03-17T14:01:15","slug":"bac-a-plantes-avec-bordure-en-granit","status":"publish","type":"product","link":"https:\/\/verticaltechnik.ch\/fr\/product\/bac-a-plantes-avec-bordure-en-granit\/","title":{"rendered":"Bac \u00e0 plantes avec bordure en granit"},"content":{"rendered":"<p>Mobilier urbain pour skateurs et zones de rencontre<\/p>\n<p>Cette jardini\u00e8re polyvalente allie design fonctionnel et style de vie urbain. Elle sert non seulement de bac \u00e0 plantes \u00e9l\u00e9gant, mais aussi d\u00e9l\u00e9ment de skate et dassise avec fonction dombrage. Veuillez noter que la livraison s\u2019effectue sans plantation.<br \/>\nLa structure de base se compose d\u2019une construction robuste en acier soud\u00e9 galvanis\u00e9, rev\u00eatue de t\u00f4le d\u2019acier durable.<br \/>\nLe curb en granit, utilis\u00e9 par les skateurs, est constitu\u00e9 de granit poli de 50 mm d\u2019\u00e9paisseur. Gr\u00e2ce \u00e0 sa surface lisse et ses propri\u00e9t\u00e9s de glisse id\u00e9ales, il est extr\u00eamement appr\u00e9ci\u00e9 des skateurs.<br \/>\nIl est parfaitement adapt\u00e9 aux tricks tels que tailslides, noseslides ou grinds dans de multiples combinaisons. \u00c0 lusage, il offre une sensation exceptionnellement agr\u00e9able et un contr\u00f4le pr\u00e9cis de la planche, ce qui en fait un v\u00e9ritable point fort dans les espaces urbains et les skateparks.<\/p>\n","protected":false},"excerpt":{"rendered":"<p>Mobilier urbain pour skateurs et zones de rencontre Cette jardini\u00e8re polyvalente allie design fonctionnel et style de vie urbain. Elle sert non seulement de bac \u00e0 plantes \u00e9l\u00e9gant, mais aussi&#8230;<\/p>\n","protected":false},"featured_media":42726,"template":"","meta":[],"product_brand":[],"product_cat":[11893,11898,12357],"product_tag":[],"class_list":{"0":"post-51512","1":"product","2":"type-product","3":"status-publish","4":"has-post-thumbnail","6":"product_cat-rebords","7":"product_cat-rebords-2","8":"product_cat-mobilier-urbain","10":"first","11":"instock","12":"shipping-taxable","13":"purchasable","14":"product-type-simple"},"_links":{"self":[{"href":"https:\/\/verticaltechnik.ch\/fr\/wp-json\/wp\/v2\/product\/51512","targetHints":{"allow":["GET"]}}],"collection":[{"href":"https:\/\/verticaltechnik.ch\/fr\/wp-json\/wp\/v2\/product"}],"about":[{"href":"https:\/\/verticaltechnik.ch\/fr\/wp-json\/wp\/v2\/types\/product"}],"wp:featuredmedia":[{"embeddable":true,"href":"https:\/\/verticaltechnik.ch\/fr\/wp-json\/wp\/v2\/media\/42726"}],"wp:attachment":[{"href":"https:\/\/verticaltechnik.ch\/fr\/wp-json\/wp\/v2\/media?parent=51512"}],"wp:term":[{"taxonomy":"product_brand","embeddable":true,"href":"https:\/\/verticaltechnik.ch\/fr\/wp-json\/wp\/v2\/product_brand?post=51512"},{"taxonomy":"product_cat","embeddable":true,"href":"https:\/\/verticaltechnik.ch\/fr\/wp-json\/wp\/v2\/product_cat?post=51512"},{"taxonomy":"product_tag","embeddable":true,"href":"https:\/\/verticaltechnik.ch\/fr\/wp-json\/wp\/v2\/product_tag?post=51512"}],"curies":[{"name":"wp","href":"https:\/\/api.w.org\/{rel}","templated":true}]}}