{"id":51517,"date":"2025-08-28T10:32:09","date_gmt":"2025-08-28T10:32:09","guid":{"rendered":"https:\/\/newvt.verticaltechnik.ch\/product\/grand-bac-a-plantes-avec-bordure-en-granit-assises-en-bois\/"},"modified":"2026-03-17T14:00:48","modified_gmt":"2026-03-17T14:00:48","slug":"grand-bac-a-plantes-avec-bordure-en-granit-assises-en-bois","status":"publish","type":"product","link":"https:\/\/verticaltechnik.ch\/fr\/product\/grand-bac-a-plantes-avec-bordure-en-granit-assises-en-bois\/","title":{"rendered":"Grand bac \u00e0 plantes avec bordure en granit \/ assises en bois"},"content":{"rendered":"<p>Mobilier urbain pour skateurs et zones de rencontre<\/p>\n<p>Ce bac \u00e0 plantes polyvalent allie design fonctionnel et style de vie urbain. Il sert non seulement de jardini\u00e8re \u00e9l\u00e9gante, mais aussi d&rsquo;\u00e9l\u00e9ment de skate et de si\u00e8ge avec fonction d&rsquo;ombrage. Veuillez noter que la livraison s&rsquo;effectue sans plantation.<br \/>\nLa structure de base est constitu\u00e9e d&rsquo;une construction de cadre robuste en acier soud\u00e9 et galvanis\u00e9, rev\u00eatue de t\u00f4le d&rsquo;acier durable. Les assises sont recouvertes de bois de m\u00e9l\u00e8ze sur trois c\u00f4t\u00e9s, ce qui offre une assise agr\u00e9able.<br \/>\nLe bord en granit, utilis\u00e9 par les skateurs, est constitu\u00e9 de granit poli de 50 mm d&rsquo;\u00e9paisseur. Gr\u00e2ce \u00e0 sa surface lisse et \u00e0 ses propri\u00e9t\u00e9s de glisse id\u00e9ales, il est extr\u00eamement populaire aupr\u00e8s des skateurs.<br \/>\nIl est parfaitement adapt\u00e9 aux figures telles que les tailslides, les noseslides ou les grinds dans diverses combinaisons. Lors de l&rsquo;utilisation, il offre une sensation exceptionnellement bonne et un contr\u00f4le pr\u00e9cis de la planche, ce qui en fait un v\u00e9ritable point fort dans les espaces urbains et les skateparks.     <\/p>\n","protected":false},"excerpt":{"rendered":"<p>Mobilier urbain pour skateurs et zones de rencontre Ce bac \u00e0 plantes polyvalent allie design fonctionnel et style de vie urbain. Il sert non seulement de jardini\u00e8re \u00e9l\u00e9gante, mais aussi&#8230;<\/p>\n","protected":false},"featured_media":42722,"template":"","meta":[],"product_brand":[],"product_cat":[11893,11898,12357],"product_tag":[],"class_list":{"0":"post-51517","1":"product","2":"type-product","3":"status-publish","4":"has-post-thumbnail","6":"product_cat-rebords","7":"product_cat-rebords-2","8":"product_cat-mobilier-urbain","10":"first","11":"instock","12":"shipping-taxable","13":"purchasable","14":"product-type-simple"},"_links":{"self":[{"href":"https:\/\/verticaltechnik.ch\/fr\/wp-json\/wp\/v2\/product\/51517","targetHints":{"allow":["GET"]}}],"collection":[{"href":"https:\/\/verticaltechnik.ch\/fr\/wp-json\/wp\/v2\/product"}],"about":[{"href":"https:\/\/verticaltechnik.ch\/fr\/wp-json\/wp\/v2\/types\/product"}],"wp:featuredmedia":[{"embeddable":true,"href":"https:\/\/verticaltechnik.ch\/fr\/wp-json\/wp\/v2\/media\/42722"}],"wp:attachment":[{"href":"https:\/\/verticaltechnik.ch\/fr\/wp-json\/wp\/v2\/media?parent=51517"}],"wp:term":[{"taxonomy":"product_brand","embeddable":true,"href":"https:\/\/verticaltechnik.ch\/fr\/wp-json\/wp\/v2\/product_brand?post=51517"},{"taxonomy":"product_cat","embeddable":true,"href":"https:\/\/verticaltechnik.ch\/fr\/wp-json\/wp\/v2\/product_cat?post=51517"},{"taxonomy":"product_tag","embeddable":true,"href":"https:\/\/verticaltechnik.ch\/fr\/wp-json\/wp\/v2\/product_tag?post=51517"}],"curies":[{"name":"wp","href":"https:\/\/api.w.org\/{rel}","templated":true}]}}