{"id":51529,"date":"2025-08-28T10:40:51","date_gmt":"2025-08-28T10:40:51","guid":{"rendered":"https:\/\/newvt.verticaltechnik.ch\/product\/warped-wall\/"},"modified":"2025-08-28T10:40:51","modified_gmt":"2025-08-28T10:40:51","slug":"warped-wall","status":"publish","type":"product","link":"https:\/\/verticaltechnik.ch\/fr\/produit\/warped-wall\/","title":{"rendered":"Warped Wall"},"content":{"rendered":"<p>Le Warped Wall est un haut mur incurv\u00e9 et raide avec une courte course d&rsquo;\u00e9lan, sur lequel le participant doit atteindre le sommet et monter. La plateforme est \u00e9quip\u00e9e d&rsquo;une rambarde de s\u00e9curit\u00e9 \u00e0 trois c\u00f4t\u00e9s. Une \u00e9chelle est pr\u00e9vue \u00e0 l&rsquo;arri\u00e8re pour la descente. Ce module peut \u00eatre rendu accessible au public. Dans ce cas, il doit \u00eatre surveill\u00e9 pendant toute la p\u00e9riode d&rsquo;accessibilit\u00e9 au public par du personnel mis \u00e0 disposition pour le compte du client.    <\/p>\n","protected":false},"excerpt":{"rendered":"<p>Le Warped Wall est un haut mur incurv\u00e9 et raide avec une courte course d&rsquo;\u00e9lan, sur lequel le participant doit atteindre le sommet et monter. La plateforme est \u00e9quip\u00e9e d&rsquo;une&#8230;<\/p>\n","protected":false},"featured_media":42706,"template":"","meta":[],"product_brand":[],"product_cat":[12246],"product_tag":[],"class_list":{"0":"post-51529","1":"product","2":"type-product","3":"status-publish","4":"has-post-thumbnail","6":"product_cat-installations-ninja","8":"first","9":"instock","10":"shipping-taxable","11":"purchasable","12":"product-type-simple"},"_links":{"self":[{"href":"https:\/\/verticaltechnik.ch\/fr\/wp-json\/wp\/v2\/product\/51529","targetHints":{"allow":["GET"]}}],"collection":[{"href":"https:\/\/verticaltechnik.ch\/fr\/wp-json\/wp\/v2\/product"}],"about":[{"href":"https:\/\/verticaltechnik.ch\/fr\/wp-json\/wp\/v2\/types\/product"}],"wp:featuredmedia":[{"embeddable":true,"href":"https:\/\/verticaltechnik.ch\/fr\/wp-json\/wp\/v2\/media\/42706"}],"wp:attachment":[{"href":"https:\/\/verticaltechnik.ch\/fr\/wp-json\/wp\/v2\/media?parent=51529"}],"wp:term":[{"taxonomy":"product_brand","embeddable":true,"href":"https:\/\/verticaltechnik.ch\/fr\/wp-json\/wp\/v2\/product_brand?post=51529"},{"taxonomy":"product_cat","embeddable":true,"href":"https:\/\/verticaltechnik.ch\/fr\/wp-json\/wp\/v2\/product_cat?post=51529"},{"taxonomy":"product_tag","embeddable":true,"href":"https:\/\/verticaltechnik.ch\/fr\/wp-json\/wp\/v2\/product_tag?post=51529"}],"curies":[{"name":"wp","href":"https:\/\/api.w.org\/{rel}","templated":true}]}}