{"id":51551,"date":"2025-08-28T10:32:07","date_gmt":"2025-08-28T10:32:07","guid":{"rendered":"https:\/\/newvt.verticaltechnik.ch\/product\/london-gap-skateface-450-1-42m\/"},"modified":"2025-08-28T10:32:07","modified_gmt":"2025-08-28T10:32:07","slug":"london-gap-skateface-450-1-42m","status":"publish","type":"product","link":"https:\/\/verticaltechnik.ch\/fr\/produit\/london-gap-skateface-450-1-42m\/","title":{"rendered":"London Gap Skateface\u00ae 450 1.42m"},"content":{"rendered":"<p>Plan inclin\u00e9 avec marche servant d&rsquo;acc\u00e8s \u00e0 la plateforme, module pour Street Plaza, combinable avec d&rsquo;autres modules de la Street Plaza<\/p>\n","protected":false},"excerpt":{"rendered":"<p>Plan inclin\u00e9 avec marche servant d&rsquo;acc\u00e8s \u00e0 la plateforme, module pour Street Plaza, combinable avec d&rsquo;autres modules de la Street Plaza<\/p>\n","protected":false},"featured_media":42730,"template":"","meta":[],"product_brand":[],"product_cat":[12070],"product_tag":[],"class_list":{"0":"post-51551","1":"product","2":"type-product","3":"status-publish","4":"has-post-thumbnail","6":"product_cat-module-skate-plaza","8":"first","9":"instock","10":"shipping-taxable","11":"purchasable","12":"product-type-simple"},"_links":{"self":[{"href":"https:\/\/verticaltechnik.ch\/fr\/wp-json\/wp\/v2\/product\/51551","targetHints":{"allow":["GET"]}}],"collection":[{"href":"https:\/\/verticaltechnik.ch\/fr\/wp-json\/wp\/v2\/product"}],"about":[{"href":"https:\/\/verticaltechnik.ch\/fr\/wp-json\/wp\/v2\/types\/product"}],"wp:featuredmedia":[{"embeddable":true,"href":"https:\/\/verticaltechnik.ch\/fr\/wp-json\/wp\/v2\/media\/42730"}],"wp:attachment":[{"href":"https:\/\/verticaltechnik.ch\/fr\/wp-json\/wp\/v2\/media?parent=51551"}],"wp:term":[{"taxonomy":"product_brand","embeddable":true,"href":"https:\/\/verticaltechnik.ch\/fr\/wp-json\/wp\/v2\/product_brand?post=51551"},{"taxonomy":"product_cat","embeddable":true,"href":"https:\/\/verticaltechnik.ch\/fr\/wp-json\/wp\/v2\/product_cat?post=51551"},{"taxonomy":"product_tag","embeddable":true,"href":"https:\/\/verticaltechnik.ch\/fr\/wp-json\/wp\/v2\/product_tag?post=51551"}],"curies":[{"name":"wp","href":"https:\/\/api.w.org\/{rel}","templated":true}]}}