{"id":51568,"date":"2025-08-28T10:31:08","date_gmt":"2025-08-28T10:31:08","guid":{"rendered":"https:\/\/newvt.verticaltechnik.ch\/product\/atelier-de-conception-1-reunion-sur-place\/"},"modified":"2025-08-28T10:31:08","modified_gmt":"2025-08-28T10:31:08","slug":"atelier-de-conception-1-reunion-sur-place","status":"publish","type":"product","link":"https:\/\/verticaltechnik.ch\/fr\/product\/atelier-de-conception-1-reunion-sur-place\/","title":{"rendered":"Atelier de conception (1 r\u00e9union sur place)"},"content":{"rendered":"<p>&#8211; Analyse des intentions et des besoins du client<br \/>\n&#8211; Pr\u00e9sentation d&rsquo;exemples et collecte d&rsquo;id\u00e9es<br \/>\n&#8211; Frais de v\u00e9hicule et temps de trajet inclus<\/p>\n","protected":false},"excerpt":{"rendered":"<p>&#8211; Analyse des intentions et des besoins du client &#8211; Pr\u00e9sentation d&rsquo;exemples et collecte d&rsquo;id\u00e9es &#8211; Frais de v\u00e9hicule et temps de trajet inclus<\/p>\n","protected":false},"featured_media":57750,"template":"","meta":[],"product_brand":[],"product_cat":[11797],"product_tag":[],"class_list":{"0":"post-51568","1":"product","2":"type-product","3":"status-publish","4":"has-post-thumbnail","6":"product_cat-ateliers","8":"first","9":"instock","10":"shipping-taxable","11":"purchasable","12":"product-type-simple"},"_links":{"self":[{"href":"https:\/\/verticaltechnik.ch\/fr\/wp-json\/wp\/v2\/product\/51568","targetHints":{"allow":["GET"]}}],"collection":[{"href":"https:\/\/verticaltechnik.ch\/fr\/wp-json\/wp\/v2\/product"}],"about":[{"href":"https:\/\/verticaltechnik.ch\/fr\/wp-json\/wp\/v2\/types\/product"}],"wp:featuredmedia":[{"embeddable":true,"href":"https:\/\/verticaltechnik.ch\/fr\/wp-json\/wp\/v2\/media\/57750"}],"wp:attachment":[{"href":"https:\/\/verticaltechnik.ch\/fr\/wp-json\/wp\/v2\/media?parent=51568"}],"wp:term":[{"taxonomy":"product_brand","embeddable":true,"href":"https:\/\/verticaltechnik.ch\/fr\/wp-json\/wp\/v2\/product_brand?post=51568"},{"taxonomy":"product_cat","embeddable":true,"href":"https:\/\/verticaltechnik.ch\/fr\/wp-json\/wp\/v2\/product_cat?post=51568"},{"taxonomy":"product_tag","embeddable":true,"href":"https:\/\/verticaltechnik.ch\/fr\/wp-json\/wp\/v2\/product_tag?post=51568"}],"curies":[{"name":"wp","href":"https:\/\/api.w.org\/{rel}","templated":true}]}}