{"id":51572,"date":"2025-08-28T10:31:54","date_gmt":"2025-08-28T10:31:54","guid":{"rendered":"https:\/\/newvt.verticaltechnik.ch\/product\/atelier-en-ligne-1-reunion-en-ligne\/"},"modified":"2025-08-28T10:31:54","modified_gmt":"2025-08-28T10:31:54","slug":"atelier-en-ligne-1-reunion-en-ligne","status":"publish","type":"product","link":"https:\/\/verticaltechnik.ch\/fr\/produit\/atelier-en-ligne-1-reunion-en-ligne\/","title":{"rendered":"Atelier en ligne (1 r\u00e9union en ligne)"},"content":{"rendered":"<p>- Analyse des intentions et des besoins du client<br \/>\n- Configuration en ligne pour la t\u00e9l\u00e9conf\u00e9rence<\/p>\n","protected":false},"excerpt":{"rendered":"<p>- Analyse des intentions et des besoins du client - Configuration en ligne pour la t\u00e9l\u00e9conf\u00e9rence<\/p>\n","protected":false},"featured_media":57749,"template":"","meta":[],"product_brand":[],"product_cat":[11797],"product_tag":[],"class_list":{"0":"post-51572","1":"product","2":"type-product","3":"status-publish","4":"has-post-thumbnail","6":"product_cat-ateliers","8":"first","9":"instock","10":"shipping-taxable","11":"purchasable","12":"product-type-simple"},"_links":{"self":[{"href":"https:\/\/verticaltechnik.ch\/fr\/wp-json\/wp\/v2\/product\/51572","targetHints":{"allow":["GET"]}}],"collection":[{"href":"https:\/\/verticaltechnik.ch\/fr\/wp-json\/wp\/v2\/product"}],"about":[{"href":"https:\/\/verticaltechnik.ch\/fr\/wp-json\/wp\/v2\/types\/product"}],"wp:featuredmedia":[{"embeddable":true,"href":"https:\/\/verticaltechnik.ch\/fr\/wp-json\/wp\/v2\/media\/57749"}],"wp:attachment":[{"href":"https:\/\/verticaltechnik.ch\/fr\/wp-json\/wp\/v2\/media?parent=51572"}],"wp:term":[{"taxonomy":"product_brand","embeddable":true,"href":"https:\/\/verticaltechnik.ch\/fr\/wp-json\/wp\/v2\/product_brand?post=51572"},{"taxonomy":"product_cat","embeddable":true,"href":"https:\/\/verticaltechnik.ch\/fr\/wp-json\/wp\/v2\/product_cat?post=51572"},{"taxonomy":"product_tag","embeddable":true,"href":"https:\/\/verticaltechnik.ch\/fr\/wp-json\/wp\/v2\/product_tag?post=51572"}],"curies":[{"name":"wp","href":"https:\/\/api.w.org\/{rel}","templated":true}]}}