{"id":51594,"date":"2025-08-28T10:31:01","date_gmt":"2025-08-28T10:31:01","guid":{"rendered":"https:\/\/newvt.verticaltechnik.ch\/product\/vis-a-asphalte-mortier\/"},"modified":"2025-08-28T10:31:01","modified_gmt":"2025-08-28T10:31:01","slug":"vis-a-asphalte-mortier","status":"publish","type":"product","link":"https:\/\/verticaltechnik.ch\/fr\/product\/vis-a-asphalte-mortier\/","title":{"rendered":"Vis \u00e0 asphalte + mortier"},"content":{"rendered":"<p>Ancrage d&rsquo;installations de skate \/ d&rsquo;objets dans l&rsquo;asphalte. 1 x ancrage avec vis \u00e0 asphalte PROFIX M10 x 20 (diam\u00e8tre 16 mm, longueur 100 mm).<br \/>\nCe produit combin\u00e9 est constitu\u00e9 des deux produits K00705 + K00706 <\/p>\n","protected":false},"excerpt":{"rendered":"<p>Ancrage d&rsquo;installations de skate \/ d&rsquo;objets dans l&rsquo;asphalte. 1 x ancrage avec vis \u00e0 asphalte PROFIX M10 x 20 (diam\u00e8tre 16 mm, longueur 100 mm). Ce produit combin\u00e9 est constitu\u00e9&#8230;<\/p>\n","protected":false},"featured_media":42742,"template":"","meta":[],"product_brand":[],"product_cat":[12008],"product_tag":[],"class_list":{"0":"post-51594","1":"product","2":"type-product","3":"status-publish","4":"has-post-thumbnail","6":"product_cat-materiel-de-connexion","8":"first","9":"instock","10":"shipping-taxable","11":"purchasable","12":"product-type-simple"},"_links":{"self":[{"href":"https:\/\/verticaltechnik.ch\/fr\/wp-json\/wp\/v2\/product\/51594","targetHints":{"allow":["GET"]}}],"collection":[{"href":"https:\/\/verticaltechnik.ch\/fr\/wp-json\/wp\/v2\/product"}],"about":[{"href":"https:\/\/verticaltechnik.ch\/fr\/wp-json\/wp\/v2\/types\/product"}],"wp:featuredmedia":[{"embeddable":true,"href":"https:\/\/verticaltechnik.ch\/fr\/wp-json\/wp\/v2\/media\/42742"}],"wp:attachment":[{"href":"https:\/\/verticaltechnik.ch\/fr\/wp-json\/wp\/v2\/media?parent=51594"}],"wp:term":[{"taxonomy":"product_brand","embeddable":true,"href":"https:\/\/verticaltechnik.ch\/fr\/wp-json\/wp\/v2\/product_brand?post=51594"},{"taxonomy":"product_cat","embeddable":true,"href":"https:\/\/verticaltechnik.ch\/fr\/wp-json\/wp\/v2\/product_cat?post=51594"},{"taxonomy":"product_tag","embeddable":true,"href":"https:\/\/verticaltechnik.ch\/fr\/wp-json\/wp\/v2\/product_tag?post=51594"}],"curies":[{"name":"wp","href":"https:\/\/api.w.org\/{rel}","templated":true}]}}