{"id":51647,"date":"2025-08-28T11:03:08","date_gmt":"2025-08-28T11:03:08","guid":{"rendered":"https:\/\/newvt.verticaltechnik.ch\/product\/park-single-bump\/"},"modified":"2025-08-28T11:03:08","modified_gmt":"2025-08-28T11:03:08","slug":"park-single-bump","status":"publish","type":"product","link":"https:\/\/verticaltechnik.ch\/fr\/produit\/park-single-bump\/","title":{"rendered":"PARK SINGLE BUMP"},"content":{"rendered":"<p>Une vague qui peut \u00eatre combin\u00e9e \u00e0 un immense parc d&rsquo;action, ou simplement pour une br\u00e8ve sensation de bonheur.<\/p>\n<p>La Park Edition en FIBERGLAS, avec sa chauss\u00e9e extra large, assure un plaisir de conduite encore plus rapide et une s\u00e9curit\u00e9 maximale sur le Pumptrack modulaire. Pr\u00e9f\u00e9r\u00e9 pour une utilisation permanente, mais aussi possible en mobilit\u00e9 limit\u00e9e ! <\/p>\n","protected":false},"excerpt":{"rendered":"<p>Une vague qui peut \u00eatre combin\u00e9e \u00e0 un immense parc d&rsquo;action, ou simplement pour une br\u00e8ve sensation de bonheur. La Park Edition en FIBERGLAS, avec sa chauss\u00e9e extra large, assure&#8230;<\/p>\n","protected":false},"featured_media":47487,"template":"","meta":[],"product_brand":[],"product_cat":[12039],"product_tag":[],"class_list":{"0":"post-51647","1":"product","2":"type-product","3":"status-publish","4":"has-post-thumbnail","6":"product_cat-park-edition","8":"first","9":"instock","10":"shipping-taxable","11":"purchasable","12":"product-type-simple"},"_links":{"self":[{"href":"https:\/\/verticaltechnik.ch\/fr\/wp-json\/wp\/v2\/product\/51647","targetHints":{"allow":["GET"]}}],"collection":[{"href":"https:\/\/verticaltechnik.ch\/fr\/wp-json\/wp\/v2\/product"}],"about":[{"href":"https:\/\/verticaltechnik.ch\/fr\/wp-json\/wp\/v2\/types\/product"}],"wp:featuredmedia":[{"embeddable":true,"href":"https:\/\/verticaltechnik.ch\/fr\/wp-json\/wp\/v2\/media\/47487"}],"wp:attachment":[{"href":"https:\/\/verticaltechnik.ch\/fr\/wp-json\/wp\/v2\/media?parent=51647"}],"wp:term":[{"taxonomy":"product_brand","embeddable":true,"href":"https:\/\/verticaltechnik.ch\/fr\/wp-json\/wp\/v2\/product_brand?post=51647"},{"taxonomy":"product_cat","embeddable":true,"href":"https:\/\/verticaltechnik.ch\/fr\/wp-json\/wp\/v2\/product_cat?post=51647"},{"taxonomy":"product_tag","embeddable":true,"href":"https:\/\/verticaltechnik.ch\/fr\/wp-json\/wp\/v2\/product_tag?post=51647"}],"curies":[{"name":"wp","href":"https:\/\/api.w.org\/{rel}","templated":true}]}}