{"id":51662,"date":"2025-08-28T11:00:58","date_gmt":"2025-08-28T11:00:58","guid":{"rendered":"https:\/\/newvt.verticaltechnik.ch\/product\/bague-de-vitesse-longue-classique\/"},"modified":"2025-08-28T11:00:58","modified_gmt":"2025-08-28T11:00:58","slug":"bague-de-vitesse-longue-classique","status":"publish","type":"product","link":"https:\/\/verticaltechnik.ch\/fr\/produit\/bague-de-vitesse-longue-classique\/","title":{"rendered":"BAGUE DE VITESSE LONGUE CLASSIQUE"},"content":{"rendered":"<p>La bague de vitesse tr\u00e8\u00e8\u00e8\u00e8s longue promet un floooow extra long.<\/p>\n<p>La CLASSIC EDITION en contreplaqu\u00e9 de construction navale avec surface de roulement en fibre de verre est mobile, l\u00e9g\u00e8re et flexible et convient \u00e0 toutes les surfaces et \u00e0 tous les \u00e9v\u00e9nements. Le montage, le d\u00e9montage et la transformation rapides ainsi que les extensions rendent cette variante particuli\u00e8rement attrayante et individuelle ! <\/p>\n","protected":false},"excerpt":{"rendered":"<p>La bague de vitesse tr\u00e8\u00e8\u00e8\u00e8s longue promet un floooow extra long. La CLASSIC EDITION en contreplaqu\u00e9 de construction navale avec surface de roulement en fibre de verre est mobile, l\u00e9g\u00e8re&#8230;<\/p>\n","protected":false},"featured_media":47720,"template":"","meta":[],"product_brand":[],"product_cat":[12267],"product_tag":[],"class_list":{"0":"post-51662","1":"product","2":"type-product","3":"status-publish","4":"has-post-thumbnail","6":"product_cat-edition-classic","8":"first","9":"instock","10":"shipping-taxable","11":"purchasable","12":"product-type-simple"},"_links":{"self":[{"href":"https:\/\/verticaltechnik.ch\/fr\/wp-json\/wp\/v2\/product\/51662","targetHints":{"allow":["GET"]}}],"collection":[{"href":"https:\/\/verticaltechnik.ch\/fr\/wp-json\/wp\/v2\/product"}],"about":[{"href":"https:\/\/verticaltechnik.ch\/fr\/wp-json\/wp\/v2\/types\/product"}],"wp:featuredmedia":[{"embeddable":true,"href":"https:\/\/verticaltechnik.ch\/fr\/wp-json\/wp\/v2\/media\/47720"}],"wp:attachment":[{"href":"https:\/\/verticaltechnik.ch\/fr\/wp-json\/wp\/v2\/media?parent=51662"}],"wp:term":[{"taxonomy":"product_brand","embeddable":true,"href":"https:\/\/verticaltechnik.ch\/fr\/wp-json\/wp\/v2\/product_brand?post=51662"},{"taxonomy":"product_cat","embeddable":true,"href":"https:\/\/verticaltechnik.ch\/fr\/wp-json\/wp\/v2\/product_cat?post=51662"},{"taxonomy":"product_tag","embeddable":true,"href":"https:\/\/verticaltechnik.ch\/fr\/wp-json\/wp\/v2\/product_tag?post=51662"}],"curies":[{"name":"wp","href":"https:\/\/api.w.org\/{rel}","templated":true}]}}