{"id":51687,"date":"2025-08-28T10:51:57","date_gmt":"2025-08-28T10:51:57","guid":{"rendered":"https:\/\/newvt.verticaltechnik.ch\/product\/table-wheelie-granite-ronde-200-400-3000\/"},"modified":"2026-02-04T14:56:55","modified_gmt":"2026-02-04T14:56:55","slug":"table-wheelie-granite-ronde-200-400-3000","status":"publish","type":"product","link":"https:\/\/verticaltechnik.ch\/fr\/produit\/table-wheelie-granite-ronde-200-400-3000\/","title":{"rendered":"Table Wheelie Granite ronde 200 400 3000"},"content":{"rendered":"<p>Ce module se compose d&rsquo;une bo\u00eete de deux hauteurs diff\u00e9rentes, sur laquelle on peut sauter avec un Ollie. Sur la surface, on r\u00e9alise des figures comme des wheelies (\u00e9quilibre sur deux roues). D&rsquo;un wheelie, on peut d\u00e9river d&rsquo;innombrables variations que l&rsquo;on ajoute en descendant, comme par exemple un flip \u00e0 360\u00b0 (rotation du skateboard de 360\u00b0 sur l&rsquo;axe longitudinal) pour ensuite atterrir \u00e0 nouveau dessus. Ce module offre de nombreuses possibilit\u00e9s d&rsquo;\u00eatre cr\u00e9atif. C&rsquo;est un module de base tr\u00e8s appr\u00e9ci\u00e9 dans un skatepark. Si l&rsquo;espace est suffisant, diff\u00e9rentes hauteurs devraient \u00eatre disponibles afin de proposer diff\u00e9rents niveaux de difficult\u00e9.     <\/p>\n","protected":false},"excerpt":{"rendered":"<p>Ce module se compose d&rsquo;une bo\u00eete de deux hauteurs diff\u00e9rentes, sur laquelle on peut sauter avec un Ollie. Sur la surface, on r\u00e9alise des figures comme des wheelies (\u00e9quilibre sur&#8230;<\/p>\n","protected":false},"featured_media":42286,"template":"","meta":[],"product_brand":[],"product_cat":[11902,11922],"product_tag":[],"class_list":{"0":"post-51687","1":"product","2":"type-product","3":"status-publish","4":"has-post-thumbnail","6":"product_cat-tables","7":"product_cat-table-wheelie","9":"first","10":"instock","11":"shipping-taxable","12":"purchasable","13":"product-type-simple"},"_links":{"self":[{"href":"https:\/\/verticaltechnik.ch\/fr\/wp-json\/wp\/v2\/product\/51687","targetHints":{"allow":["GET"]}}],"collection":[{"href":"https:\/\/verticaltechnik.ch\/fr\/wp-json\/wp\/v2\/product"}],"about":[{"href":"https:\/\/verticaltechnik.ch\/fr\/wp-json\/wp\/v2\/types\/product"}],"wp:featuredmedia":[{"embeddable":true,"href":"https:\/\/verticaltechnik.ch\/fr\/wp-json\/wp\/v2\/media\/42286"}],"wp:attachment":[{"href":"https:\/\/verticaltechnik.ch\/fr\/wp-json\/wp\/v2\/media?parent=51687"}],"wp:term":[{"taxonomy":"product_brand","embeddable":true,"href":"https:\/\/verticaltechnik.ch\/fr\/wp-json\/wp\/v2\/product_brand?post=51687"},{"taxonomy":"product_cat","embeddable":true,"href":"https:\/\/verticaltechnik.ch\/fr\/wp-json\/wp\/v2\/product_cat?post=51687"},{"taxonomy":"product_tag","embeddable":true,"href":"https:\/\/verticaltechnik.ch\/fr\/wp-json\/wp\/v2\/product_tag?post=51687"}],"curies":[{"name":"wp","href":"https:\/\/api.w.org\/{rel}","templated":true}]}}