{"id":51690,"date":"2025-08-28T10:50:52","date_gmt":"2025-08-28T10:50:52","guid":{"rendered":"https:\/\/newvt.verticaltechnik.ch\/product\/garde-corps-complet-6m-sur-3-cotes\/"},"modified":"2025-08-28T10:50:52","modified_gmt":"2025-08-28T10:50:52","slug":"garde-corps-complet-6m-sur-3-cotes","status":"publish","type":"product","link":"https:\/\/verticaltechnik.ch\/fr\/produit\/garde-corps-complet-6m-sur-3-cotes\/","title":{"rendered":"Garde-corps complet 6m sur 3 c\u00f4t\u00e9s"},"content":{"rendered":"<p>Construction de cadre stable en tubes d&rsquo;acier carr\u00e9s soud\u00e9s et galvanis\u00e9s, remplissage avec des barres rondes verticales de 12 mm. Convient \u00e0 l&rsquo;article n\u00b0 K01564. <\/p>\n","protected":false},"excerpt":{"rendered":"<p>Construction de cadre stable en tubes d&rsquo;acier carr\u00e9s soud\u00e9s et galvanis\u00e9s, remplissage avec des barres rondes verticales de 12 mm. Convient \u00e0 l&rsquo;article n\u00b0 K01564.<\/p>\n","protected":false},"featured_media":42346,"template":"","meta":[],"product_brand":[],"product_cat":[11947],"product_tag":[],"class_list":{"0":"post-51690","1":"product","2":"type-product","3":"status-publish","4":"has-post-thumbnail","6":"product_cat-rambardes","8":"first","9":"instock","10":"shipping-taxable","11":"purchasable","12":"product-type-simple"},"_links":{"self":[{"href":"https:\/\/verticaltechnik.ch\/fr\/wp-json\/wp\/v2\/product\/51690","targetHints":{"allow":["GET"]}}],"collection":[{"href":"https:\/\/verticaltechnik.ch\/fr\/wp-json\/wp\/v2\/product"}],"about":[{"href":"https:\/\/verticaltechnik.ch\/fr\/wp-json\/wp\/v2\/types\/product"}],"wp:featuredmedia":[{"embeddable":true,"href":"https:\/\/verticaltechnik.ch\/fr\/wp-json\/wp\/v2\/media\/42346"}],"wp:attachment":[{"href":"https:\/\/verticaltechnik.ch\/fr\/wp-json\/wp\/v2\/media?parent=51690"}],"wp:term":[{"taxonomy":"product_brand","embeddable":true,"href":"https:\/\/verticaltechnik.ch\/fr\/wp-json\/wp\/v2\/product_brand?post=51690"},{"taxonomy":"product_cat","embeddable":true,"href":"https:\/\/verticaltechnik.ch\/fr\/wp-json\/wp\/v2\/product_cat?post=51690"},{"taxonomy":"product_tag","embeddable":true,"href":"https:\/\/verticaltechnik.ch\/fr\/wp-json\/wp\/v2\/product_tag?post=51690"}],"curies":[{"name":"wp","href":"https:\/\/api.w.org\/{rel}","templated":true}]}}