{"id":51693,"date":"2025-08-28T10:49:45","date_gmt":"2025-08-28T10:49:45","guid":{"rendered":"https:\/\/newvt.verticaltechnik.ch\/product\/panneau-dinformation-double-complet-en-acier-chrome\/"},"modified":"2025-08-28T10:49:45","modified_gmt":"2025-08-28T10:49:45","slug":"panneau-dinformation-double-complet-en-acier-chrome","status":"publish","type":"product","link":"https:\/\/verticaltechnik.ch\/fr\/produit\/panneau-dinformation-double-complet-en-acier-chrome\/","title":{"rendered":"Panneau d&rsquo;information double complet en ACIER CHROM\u00c9"},"content":{"rendered":"<p>Le support est en acier chrom\u00e9 et comprend deux panneaux d&rsquo;information conformes \u00e0 la norme au format A2. Il est viss\u00e9 \u00e0 une fondation au moyen de plaques \u00e0 bride.  <\/p>\n<p>Le panneau d&rsquo;information dans la partie sup\u00e9rieure pr\u00e9sente les r\u00e8gles d&rsquo;utilisation, les heures d&rsquo;ouverture, le logo de la commune et les coordonn\u00e9es. <\/p>\n<p>Le panneau d&rsquo;information dans la partie inf\u00e9rieure pr\u00e9sente l&rsquo;installation en 3D. Des vid\u00e9os d&rsquo;exercices et d&rsquo;autres informations peuvent \u00eatre consult\u00e9es par smartphone via des codes QR.  <\/p>\n<p>Les deux panneaux d&rsquo;information sont retravaill\u00e9s graphiquement selon les souhaits du client. Le prix comprend une version avec deux modifications.   <\/p>\n<p>Contenu de la livraison :<br \/>\n- 1 x support en INOX pour deux panneaux d&rsquo;information<br \/>\n- 2 x panneau d&rsquo;information K01560<br \/>\n- Conception graphique<br \/>\n- Surface inscriptible 670 x 425 mm<\/p>\n","protected":false},"excerpt":{"rendered":"<p>Le support est en acier chrom\u00e9 et comprend deux panneaux d&rsquo;information conformes \u00e0 la norme au format A2. Il est viss\u00e9 \u00e0 une fondation au moyen de plaques \u00e0 bride&#8230;.<\/p>\n","protected":false},"featured_media":42354,"template":"","meta":[],"product_brand":[],"product_cat":[12005,12248,11957],"product_tag":[],"class_list":{"0":"post-51693","1":"product","2":"type-product","3":"status-publish","4":"has-post-thumbnail","6":"product_cat-accessoires","8":"product_cat-signalisation","10":"first","11":"instock","12":"shipping-taxable","13":"purchasable","14":"product-type-simple"},"_links":{"self":[{"href":"https:\/\/verticaltechnik.ch\/fr\/wp-json\/wp\/v2\/product\/51693","targetHints":{"allow":["GET"]}}],"collection":[{"href":"https:\/\/verticaltechnik.ch\/fr\/wp-json\/wp\/v2\/product"}],"about":[{"href":"https:\/\/verticaltechnik.ch\/fr\/wp-json\/wp\/v2\/types\/product"}],"wp:featuredmedia":[{"embeddable":true,"href":"https:\/\/verticaltechnik.ch\/fr\/wp-json\/wp\/v2\/media\/42354"}],"wp:attachment":[{"href":"https:\/\/verticaltechnik.ch\/fr\/wp-json\/wp\/v2\/media?parent=51693"}],"wp:term":[{"taxonomy":"product_brand","embeddable":true,"href":"https:\/\/verticaltechnik.ch\/fr\/wp-json\/wp\/v2\/product_brand?post=51693"},{"taxonomy":"product_cat","embeddable":true,"href":"https:\/\/verticaltechnik.ch\/fr\/wp-json\/wp\/v2\/product_cat?post=51693"},{"taxonomy":"product_tag","embeddable":true,"href":"https:\/\/verticaltechnik.ch\/fr\/wp-json\/wp\/v2\/product_tag?post=51693"}],"curies":[{"name":"wp","href":"https:\/\/api.w.org\/{rel}","templated":true}]}}