{"id":51709,"date":"2025-08-28T10:47:28","date_gmt":"2025-08-28T10:47:28","guid":{"rendered":"https:\/\/newvt.verticaltechnik.ch\/product\/echange-sous-la-surface-de-roulement-poutre-en-bois-m2-2\/"},"modified":"2025-08-28T10:47:28","modified_gmt":"2025-08-28T10:47:28","slug":"echange-sous-la-surface-de-roulement-poutre-en-bois-m2-2","status":"publish","type":"product","link":"https:\/\/verticaltechnik.ch\/fr\/produit\/echange-sous-la-surface-de-roulement-poutre-en-bois-m2-2\/","title":{"rendered":"\u00c9change sous la surface de roulement Poutre en bois m2"},"content":{"rendered":"<p>D\u00e9montage des lattes de bois pourries. D\u00e9coupe et montage de nouvelles lattes de bois. Mat\u00e9riel de visserie inclus. \u00c9vacuation de l\u2019ancien mat\u00e9riel par le client. Veuillez mettre \u00e0 disposition une benne \u00e0 bois.    <\/p>\n","protected":false},"excerpt":{"rendered":"<p>D\u00e9montage des lattes de bois pourries. D\u00e9coupe et montage de nouvelles lattes de bois. Mat\u00e9riel de visserie inclus. \u00c9vacuation de l\u2019ancien mat\u00e9riel par le client. Veuillez mettre \u00e0 disposition une&#8230;<\/p>\n","protected":false},"featured_media":0,"template":"","meta":[],"product_brand":[],"product_cat":[11746],"product_tag":[],"class_list":{"0":"post-51709","1":"product","2":"type-product","3":"status-publish","5":"product_cat-remplacement-du-revetement-anti-encastrement","7":"first","8":"instock","9":"shipping-taxable","10":"purchasable","11":"product-type-simple"},"_links":{"self":[{"href":"https:\/\/verticaltechnik.ch\/fr\/wp-json\/wp\/v2\/product\/51709","targetHints":{"allow":["GET"]}}],"collection":[{"href":"https:\/\/verticaltechnik.ch\/fr\/wp-json\/wp\/v2\/product"}],"about":[{"href":"https:\/\/verticaltechnik.ch\/fr\/wp-json\/wp\/v2\/types\/product"}],"wp:attachment":[{"href":"https:\/\/verticaltechnik.ch\/fr\/wp-json\/wp\/v2\/media?parent=51709"}],"wp:term":[{"taxonomy":"product_brand","embeddable":true,"href":"https:\/\/verticaltechnik.ch\/fr\/wp-json\/wp\/v2\/product_brand?post=51709"},{"taxonomy":"product_cat","embeddable":true,"href":"https:\/\/verticaltechnik.ch\/fr\/wp-json\/wp\/v2\/product_cat?post=51709"},{"taxonomy":"product_tag","embeddable":true,"href":"https:\/\/verticaltechnik.ch\/fr\/wp-json\/wp\/v2\/product_tag?post=51709"}],"curies":[{"name":"wp","href":"https:\/\/api.w.org\/{rel}","templated":true}]}}