{"id":51726,"date":"2025-08-28T10:59:53","date_gmt":"2025-08-28T10:59:53","guid":{"rendered":"https:\/\/newvt.verticaltechnik.ch\/product\/conteneur-6m\/"},"modified":"2025-08-28T10:59:53","modified_gmt":"2025-08-28T10:59:53","slug":"conteneur-6m","status":"publish","type":"product","link":"https:\/\/verticaltechnik.ch\/fr\/product\/conteneur-6m\/","title":{"rendered":"Conteneur &#8211; 6m"},"content":{"rendered":"<p>Un conteneur robuste et r\u00e9sistant aux intemp\u00e9ries, fabriqu\u00e9 \u00e0 100 % en acier inoxydable, id\u00e9al pour am\u00e9nager une salle de sport en plein air, stocker du mat\u00e9riel en toute s\u00e9curit\u00e9 ou servir d&rsquo;espace de travail. Durable, sans entretien et disponible en diff\u00e9rentes couleurs. <\/p>\n<p>Nos appareils de fitness se distinguent par leur acier inoxydable poli mat, agr\u00e9able au toucher et hygi\u00e9nique. Ils offrent un dimensionnement au style s\u00fbr et sont prot\u00e9g\u00e9s contre les dommages et le vandalisme gr\u00e2ce \u00e0 leur construction robuste. Leur r\u00e9sistance \u00e0 la corrosion et leur long\u00e9vit\u00e9 garantissent une facilit\u00e9 d&rsquo;entretien \u00e9conomique. La r\u00e9sistance au vieillissement et le faible entretien sont essentiels, c&rsquo;est pourquoi l&rsquo;acier inoxydable est le choix optimal.   <\/p>\n","protected":false},"excerpt":{"rendered":"<p>Un conteneur robuste et r\u00e9sistant aux intemp\u00e9ries, fabriqu\u00e9 \u00e0 100 % en acier inoxydable, id\u00e9al pour am\u00e9nager une salle de sport en plein air, stocker du mat\u00e9riel en toute s\u00e9curit\u00e9&#8230;<\/p>\n","protected":false},"featured_media":47927,"template":"","meta":[],"product_brand":[],"product_cat":[12269],"product_tag":[],"class_list":{"0":"post-51726","1":"product","2":"type-product","3":"status-publish","4":"has-post-thumbnail","6":"product_cat-vgym","8":"first","9":"instock","10":"shipping-taxable","11":"purchasable","12":"product-type-simple"},"_links":{"self":[{"href":"https:\/\/verticaltechnik.ch\/fr\/wp-json\/wp\/v2\/product\/51726","targetHints":{"allow":["GET"]}}],"collection":[{"href":"https:\/\/verticaltechnik.ch\/fr\/wp-json\/wp\/v2\/product"}],"about":[{"href":"https:\/\/verticaltechnik.ch\/fr\/wp-json\/wp\/v2\/types\/product"}],"wp:featuredmedia":[{"embeddable":true,"href":"https:\/\/verticaltechnik.ch\/fr\/wp-json\/wp\/v2\/media\/47927"}],"wp:attachment":[{"href":"https:\/\/verticaltechnik.ch\/fr\/wp-json\/wp\/v2\/media?parent=51726"}],"wp:term":[{"taxonomy":"product_brand","embeddable":true,"href":"https:\/\/verticaltechnik.ch\/fr\/wp-json\/wp\/v2\/product_brand?post=51726"},{"taxonomy":"product_cat","embeddable":true,"href":"https:\/\/verticaltechnik.ch\/fr\/wp-json\/wp\/v2\/product_cat?post=51726"},{"taxonomy":"product_tag","embeddable":true,"href":"https:\/\/verticaltechnik.ch\/fr\/wp-json\/wp\/v2\/product_tag?post=51726"}],"curies":[{"name":"wp","href":"https:\/\/api.w.org\/{rel}","templated":true}]}}