{"id":51736,"date":"2025-08-28T10:55:16","date_gmt":"2025-08-28T10:55:16","guid":{"rendered":"https:\/\/newvt.verticaltechnik.ch\/product\/playfit-barren\/"},"modified":"2026-03-17T10:04:34","modified_gmt":"2026-03-17T10:04:34","slug":"playfit-barren","status":"publish","type":"product","link":"https:\/\/verticaltechnik.ch\/fr\/produit\/playfit-barren\/","title":{"rendered":"Barres playfit\u00ae"},"content":{"rendered":"<p>Il entra\u00eene les muscles du soutien, des bras, des \u00e9paules et, selon la variante d&rsquo;exercice,<br \/>\n \u00e9galement les muscles des jambes et des abdominaux.<br \/>\n L&rsquo;\u00e9tirement favorise la mobilit\u00e9 de toutes les structures corporelles<br \/>\n importantes.<\/p>\n<p>Nos appareils de fitness se distinguent par leur acier inoxydable poli mat, agr\u00e9able au toucher et hygi\u00e9nique. Ils offrent un dimensionnement au style s\u00fbr et sont prot\u00e9g\u00e9s contre les dommages et le vandalisme gr\u00e2ce \u00e0 leur construction robuste. Leur r\u00e9sistance \u00e0 la corrosion et leur long\u00e9vit\u00e9 garantissent une facilit\u00e9 d&rsquo;entretien \u00e9conomique. La r\u00e9sistance au vieillissement et le faible entretien sont essentiels, c&rsquo;est pourquoi l&rsquo;acier inoxydable est le choix optimal.   <\/p>\n<p>Espace de mouvement : 5 200 mm x 3 610 mm x 3 000 mm<\/p>\n","protected":false},"excerpt":{"rendered":"<p>Il entra\u00eene les muscles du soutien, des bras, des \u00e9paules et, selon la variante d&rsquo;exercice, \u00e9galement les muscles des jambes et des abdominaux. L&rsquo;\u00e9tirement favorise la mobilit\u00e9 de toutes les&#8230;<\/p>\n","protected":false},"featured_media":47899,"template":"","meta":[],"product_brand":[],"product_cat":[12394,12261],"product_tag":[],"class_list":{"0":"post-51736","1":"product","2":"type-product","3":"status-publish","4":"has-post-thumbnail","6":"product_cat-equipements-playfit","7":"product_cat-playfit","9":"first","10":"instock","11":"shipping-taxable","12":"purchasable","13":"product-type-simple"},"_links":{"self":[{"href":"https:\/\/verticaltechnik.ch\/fr\/wp-json\/wp\/v2\/product\/51736","targetHints":{"allow":["GET"]}}],"collection":[{"href":"https:\/\/verticaltechnik.ch\/fr\/wp-json\/wp\/v2\/product"}],"about":[{"href":"https:\/\/verticaltechnik.ch\/fr\/wp-json\/wp\/v2\/types\/product"}],"wp:featuredmedia":[{"embeddable":true,"href":"https:\/\/verticaltechnik.ch\/fr\/wp-json\/wp\/v2\/media\/47899"}],"wp:attachment":[{"href":"https:\/\/verticaltechnik.ch\/fr\/wp-json\/wp\/v2\/media?parent=51736"}],"wp:term":[{"taxonomy":"product_brand","embeddable":true,"href":"https:\/\/verticaltechnik.ch\/fr\/wp-json\/wp\/v2\/product_brand?post=51736"},{"taxonomy":"product_cat","embeddable":true,"href":"https:\/\/verticaltechnik.ch\/fr\/wp-json\/wp\/v2\/product_cat?post=51736"},{"taxonomy":"product_tag","embeddable":true,"href":"https:\/\/verticaltechnik.ch\/fr\/wp-json\/wp\/v2\/product_tag?post=51736"}],"curies":[{"name":"wp","href":"https:\/\/api.w.org\/{rel}","templated":true}]}}