{"id":51737,"date":"2025-08-28T10:55:20","date_gmt":"2025-08-28T10:55:20","guid":{"rendered":"https:\/\/newvt.verticaltechnik.ch\/product\/playfit-appareil-pour-les-jambes\/"},"modified":"2026-03-17T10:04:26","modified_gmt":"2026-03-17T10:04:26","slug":"playfit-appareil-pour-les-jambes","status":"publish","type":"product","link":"https:\/\/verticaltechnik.ch\/fr\/produit\/playfit-appareil-pour-les-jambes\/","title":{"rendered":"Entra\u00eeneur de jambes playfit\u00ae"},"content":{"rendered":"<p>Renforce les muscles des jambes et favorise la mobilit\u00e9. Entra\u00eene la coordination et augmente l&rsquo;endurance. <\/p>\n<p>Nos appareils de fitness se distinguent par leur acier inoxydable poli mat, agr\u00e9able au toucher et hygi\u00e9nique. Ils offrent un dimensionnement au style s\u00fbr et sont prot\u00e9g\u00e9s contre les dommages et le vandalisme gr\u00e2ce \u00e0 leur construction robuste. Leur r\u00e9sistance \u00e0 la corrosion et leur long\u00e9vit\u00e9 garantissent une facilit\u00e9 d&rsquo;entretien \u00e9conomique. La r\u00e9sistance au vieillissement et le faible entretien sont essentiels, c&rsquo;est pourquoi l&rsquo;acier inoxydable est le choix optimal.   <\/p>\n<p>Espace de mouvement : 4\u202f863 mm x 4\u202f738 mm x 2\u202f762 mm<\/p>\n","protected":false},"excerpt":{"rendered":"<p>Renforce les muscles des jambes et favorise la mobilit\u00e9. Entra\u00eene la coordination et augmente l&rsquo;endurance. Nos appareils de fitness se distinguent par leur acier inoxydable poli mat, agr\u00e9able au toucher&#8230;<\/p>\n","protected":false},"featured_media":47883,"template":"","meta":[],"product_brand":[],"product_cat":[12394,12261],"product_tag":[],"class_list":{"0":"post-51737","1":"product","2":"type-product","3":"status-publish","4":"has-post-thumbnail","6":"product_cat-equipements-playfit","7":"product_cat-playfit","9":"first","10":"instock","11":"shipping-taxable","12":"purchasable","13":"product-type-simple"},"_links":{"self":[{"href":"https:\/\/verticaltechnik.ch\/fr\/wp-json\/wp\/v2\/product\/51737","targetHints":{"allow":["GET"]}}],"collection":[{"href":"https:\/\/verticaltechnik.ch\/fr\/wp-json\/wp\/v2\/product"}],"about":[{"href":"https:\/\/verticaltechnik.ch\/fr\/wp-json\/wp\/v2\/types\/product"}],"wp:featuredmedia":[{"embeddable":true,"href":"https:\/\/verticaltechnik.ch\/fr\/wp-json\/wp\/v2\/media\/47883"}],"wp:attachment":[{"href":"https:\/\/verticaltechnik.ch\/fr\/wp-json\/wp\/v2\/media?parent=51737"}],"wp:term":[{"taxonomy":"product_brand","embeddable":true,"href":"https:\/\/verticaltechnik.ch\/fr\/wp-json\/wp\/v2\/product_brand?post=51737"},{"taxonomy":"product_cat","embeddable":true,"href":"https:\/\/verticaltechnik.ch\/fr\/wp-json\/wp\/v2\/product_cat?post=51737"},{"taxonomy":"product_tag","embeddable":true,"href":"https:\/\/verticaltechnik.ch\/fr\/wp-json\/wp\/v2\/product_tag?post=51737"}],"curies":[{"name":"wp","href":"https:\/\/api.w.org\/{rel}","templated":true}]}}