{"id":58063,"date":"2026-02-16T10:52:48","date_gmt":"2026-02-16T10:52:48","guid":{"rendered":"https:\/\/newvt.verticaltechnik.ch\/product\/installation-de-parkour-heerenschuerli\/"},"modified":"2026-02-16T10:52:48","modified_gmt":"2026-02-16T10:52:48","slug":"installation-de-parkour-heerenschuerli","status":"publish","type":"product","link":"https:\/\/verticaltechnik.ch\/fr\/produit\/installation-de-parkour-heerenschuerli\/","title":{"rendered":"Installation de parkour Heerensch\u00fcrli"},"content":{"rendered":"<p>Murs en b\u00e9ton construits selon la norme SIA 118, avec des ar\u00eates et une adh\u00e9rence des surfaces sp\u00e9cialement con\u00e7ues pour la pratique du parkour. Install\u00e9s sur des fondations r\u00e9alis\u00e9es par le client selon nos plans.<br \/>\nComprend des barres en acier galvanis\u00e9 fix\u00e9es par des ancrages \u00e0 b\u00e9ton. <\/p>\n","protected":false},"excerpt":{"rendered":"<p>Murs en b\u00e9ton construits selon la norme SIA 118, avec des ar\u00eates et une adh\u00e9rence des surfaces sp\u00e9cialement con\u00e7ues pour la pratique du parkour. Install\u00e9s sur des fondations r\u00e9alis\u00e9es par&#8230;<\/p>\n","protected":false},"featured_media":58064,"template":"","meta":[],"product_brand":[],"product_cat":[12003],"product_tag":[],"class_list":{"0":"post-58063","1":"product","2":"type-product","3":"status-publish","4":"has-post-thumbnail","6":"product_cat-parkour","8":"first","9":"instock","10":"shipping-taxable","11":"purchasable","12":"product-type-simple"},"_links":{"self":[{"href":"https:\/\/verticaltechnik.ch\/fr\/wp-json\/wp\/v2\/product\/58063","targetHints":{"allow":["GET"]}}],"collection":[{"href":"https:\/\/verticaltechnik.ch\/fr\/wp-json\/wp\/v2\/product"}],"about":[{"href":"https:\/\/verticaltechnik.ch\/fr\/wp-json\/wp\/v2\/types\/product"}],"wp:featuredmedia":[{"embeddable":true,"href":"https:\/\/verticaltechnik.ch\/fr\/wp-json\/wp\/v2\/media\/58064"}],"wp:attachment":[{"href":"https:\/\/verticaltechnik.ch\/fr\/wp-json\/wp\/v2\/media?parent=58063"}],"wp:term":[{"taxonomy":"product_brand","embeddable":true,"href":"https:\/\/verticaltechnik.ch\/fr\/wp-json\/wp\/v2\/product_brand?post=58063"},{"taxonomy":"product_cat","embeddable":true,"href":"https:\/\/verticaltechnik.ch\/fr\/wp-json\/wp\/v2\/product_cat?post=58063"},{"taxonomy":"product_tag","embeddable":true,"href":"https:\/\/verticaltechnik.ch\/fr\/wp-json\/wp\/v2\/product_tag?post=58063"}],"curies":[{"name":"wp","href":"https:\/\/api.w.org\/{rel}","templated":true}]}}