{"id":58137,"date":"2026-02-16T12:29:06","date_gmt":"2026-02-16T12:29:06","guid":{"rendered":"https:\/\/newvt.verticaltechnik.ch\/product\/banc-debout-incline-a-betonner\/"},"modified":"2026-03-17T10:39:30","modified_gmt":"2026-03-17T10:39:30","slug":"banc-debout-incline-a-betonner","status":"publish","type":"product","link":"https:\/\/verticaltechnik.ch\/fr\/product\/banc-debout-incline-a-betonner\/","title":{"rendered":"Banc debout inclin\u00e9 \u00e0 b\u00e9tonner"},"content":{"rendered":"<p>Appui ischiatique inclin\u00e9 \u00e0 sceller<br \/>\nLargeur 1,2 &#8211; 2,0 m selon les besoins du client<br \/>\nAcier massif galvanis\u00e9 diam\u00e8tre 60 mm<\/p>\n","protected":false},"excerpt":{"rendered":"<p>Appui ischiatique inclin\u00e9 \u00e0 sceller Largeur 1,2 &#8211; 2,0 m selon les besoins du client Acier massif galvanis\u00e9 diam\u00e8tre 60 mm<\/p>\n","protected":false},"featured_media":58138,"template":"","meta":[],"product_brand":[],"product_cat":[12245,12357],"product_tag":[],"class_list":{"0":"post-58137","1":"product","2":"type-product","3":"status-publish","4":"has-post-thumbnail","6":"product_cat-banc-circulaire-pour-arbre","7":"product_cat-mobilier-urbain","9":"first","10":"instock","11":"shipping-taxable","12":"purchasable","13":"product-type-simple"},"_links":{"self":[{"href":"https:\/\/verticaltechnik.ch\/fr\/wp-json\/wp\/v2\/product\/58137","targetHints":{"allow":["GET"]}}],"collection":[{"href":"https:\/\/verticaltechnik.ch\/fr\/wp-json\/wp\/v2\/product"}],"about":[{"href":"https:\/\/verticaltechnik.ch\/fr\/wp-json\/wp\/v2\/types\/product"}],"wp:featuredmedia":[{"embeddable":true,"href":"https:\/\/verticaltechnik.ch\/fr\/wp-json\/wp\/v2\/media\/58138"}],"wp:attachment":[{"href":"https:\/\/verticaltechnik.ch\/fr\/wp-json\/wp\/v2\/media?parent=58137"}],"wp:term":[{"taxonomy":"product_brand","embeddable":true,"href":"https:\/\/verticaltechnik.ch\/fr\/wp-json\/wp\/v2\/product_brand?post=58137"},{"taxonomy":"product_cat","embeddable":true,"href":"https:\/\/verticaltechnik.ch\/fr\/wp-json\/wp\/v2\/product_cat?post=58137"},{"taxonomy":"product_tag","embeddable":true,"href":"https:\/\/verticaltechnik.ch\/fr\/wp-json\/wp\/v2\/product_tag?post=58137"}],"curies":[{"name":"wp","href":"https:\/\/api.w.org\/{rel}","templated":true}]}}