{"id":58144,"date":"2026-02-16T12:33:41","date_gmt":"2026-02-16T12:33:41","guid":{"rendered":"https:\/\/newvt.verticaltechnik.ch\/product\/banc-incline-avec-repose-pieds\/"},"modified":"2026-03-17T10:32:37","modified_gmt":"2026-03-17T10:32:37","slug":"banc-incline-avec-repose-pieds","status":"publish","type":"product","link":"https:\/\/verticaltechnik.ch\/fr\/product\/banc-incline-avec-repose-pieds\/","title":{"rendered":"Banc inclin\u00e9 avec repose-pieds"},"content":{"rendered":"<p>Banc assis-debout inclin\u00e9 avec platines<br \/>\nlargeur 1,2 &#8211; 2,0 m sur mesure<br \/>\nAcier massif galvanis\u00e9 diam\u00e8tre 60 mm<\/p>\n","protected":false},"excerpt":{"rendered":"<p>Banc assis-debout inclin\u00e9 avec platines largeur 1,2 &#8211; 2,0 m sur mesure Acier massif galvanis\u00e9 diam\u00e8tre 60 mm<\/p>\n","protected":false},"featured_media":58145,"template":"","meta":[],"product_brand":[],"product_cat":[12245,11907,12357],"product_tag":[],"class_list":{"0":"post-58144","1":"product","2":"type-product","3":"status-publish","4":"has-post-thumbnail","6":"product_cat-banc-circulaire-pour-arbre","7":"product_cat-installations-de-skate-en-granit","8":"product_cat-mobilier-urbain","10":"first","11":"instock","12":"shipping-taxable","13":"purchasable","14":"product-type-simple"},"_links":{"self":[{"href":"https:\/\/verticaltechnik.ch\/fr\/wp-json\/wp\/v2\/product\/58144","targetHints":{"allow":["GET"]}}],"collection":[{"href":"https:\/\/verticaltechnik.ch\/fr\/wp-json\/wp\/v2\/product"}],"about":[{"href":"https:\/\/verticaltechnik.ch\/fr\/wp-json\/wp\/v2\/types\/product"}],"wp:featuredmedia":[{"embeddable":true,"href":"https:\/\/verticaltechnik.ch\/fr\/wp-json\/wp\/v2\/media\/58145"}],"wp:attachment":[{"href":"https:\/\/verticaltechnik.ch\/fr\/wp-json\/wp\/v2\/media?parent=58144"}],"wp:term":[{"taxonomy":"product_brand","embeddable":true,"href":"https:\/\/verticaltechnik.ch\/fr\/wp-json\/wp\/v2\/product_brand?post=58144"},{"taxonomy":"product_cat","embeddable":true,"href":"https:\/\/verticaltechnik.ch\/fr\/wp-json\/wp\/v2\/product_cat?post=58144"},{"taxonomy":"product_tag","embeddable":true,"href":"https:\/\/verticaltechnik.ch\/fr\/wp-json\/wp\/v2\/product_tag?post=58144"}],"curies":[{"name":"wp","href":"https:\/\/api.w.org\/{rel}","templated":true}]}}