{"id":58154,"date":"2026-02-16T12:36:17","date_gmt":"2026-02-16T12:36:17","guid":{"rendered":"https:\/\/newvt.verticaltechnik.ch\/product\/support-a-velo-incline-a-betonner\/"},"modified":"2026-03-17T10:28:02","modified_gmt":"2026-03-17T10:28:02","slug":"support-a-velo-incline-a-betonner","status":"publish","type":"product","link":"https:\/\/verticaltechnik.ch\/fr\/product\/support-a-velo-incline-a-betonner\/","title":{"rendered":"Support \u00e0 v\u00e9lo inclin\u00e9 \u00e0 b\u00e9tonner"},"content":{"rendered":"<p>Abri v\u00e9los inclin\u00e9 \u00e0 sceller<br \/>\nLargeur 1,2 &#8211; 3,0 m selon les besoins du client<br \/>\nAcier massif galvanis\u00e9 diam\u00e8tre 60 mm<\/p>\n","protected":false},"excerpt":{"rendered":"<p>Abri v\u00e9los inclin\u00e9 \u00e0 sceller Largeur 1,2 &#8211; 3,0 m selon les besoins du client Acier massif galvanis\u00e9 diam\u00e8tre 60 mm<\/p>\n","protected":false},"featured_media":58155,"template":"","meta":[],"product_brand":[],"product_cat":[12245,11907,12357],"product_tag":[],"class_list":{"0":"post-58154","1":"product","2":"type-product","3":"status-publish","4":"has-post-thumbnail","6":"product_cat-banc-circulaire-pour-arbre","7":"product_cat-installations-de-skate-en-granit","8":"product_cat-mobilier-urbain","10":"first","11":"instock","12":"shipping-taxable","13":"purchasable","14":"product-type-simple"},"_links":{"self":[{"href":"https:\/\/verticaltechnik.ch\/fr\/wp-json\/wp\/v2\/product\/58154","targetHints":{"allow":["GET"]}}],"collection":[{"href":"https:\/\/verticaltechnik.ch\/fr\/wp-json\/wp\/v2\/product"}],"about":[{"href":"https:\/\/verticaltechnik.ch\/fr\/wp-json\/wp\/v2\/types\/product"}],"wp:featuredmedia":[{"embeddable":true,"href":"https:\/\/verticaltechnik.ch\/fr\/wp-json\/wp\/v2\/media\/58155"}],"wp:attachment":[{"href":"https:\/\/verticaltechnik.ch\/fr\/wp-json\/wp\/v2\/media?parent=58154"}],"wp:term":[{"taxonomy":"product_brand","embeddable":true,"href":"https:\/\/verticaltechnik.ch\/fr\/wp-json\/wp\/v2\/product_brand?post=58154"},{"taxonomy":"product_cat","embeddable":true,"href":"https:\/\/verticaltechnik.ch\/fr\/wp-json\/wp\/v2\/product_cat?post=58154"},{"taxonomy":"product_tag","embeddable":true,"href":"https:\/\/verticaltechnik.ch\/fr\/wp-json\/wp\/v2\/product_tag?post=58154"}],"curies":[{"name":"wp","href":"https:\/\/api.w.org\/{rel}","templated":true}]}}