{"id":58620,"date":"2026-04-10T08:53:07","date_gmt":"2026-04-10T08:53:07","guid":{"rendered":"https:\/\/verticaltechnik.ch\/product\/barriere-de-jersey-2\/"},"modified":"2026-04-10T09:33:26","modified_gmt":"2026-04-10T09:33:26","slug":"barriere-de-jersey-2","status":"publish","type":"product","link":"https:\/\/verticaltechnik.ch\/fr\/product\/barriere-de-jersey-2\/","title":{"rendered":"Barri\u00e8re de Jersey"},"content":{"rendered":"<p>Ce module sert, entre autres, de rampe d&rsquo;acc\u00e8s. Depuis la plateforme, on se dirige vers un module central pour y r\u00e9aliser des figures. Il sert aussi de module pour r\u00e9aliser des figures dans les courbes et sur les copings, ou pour changer de direction. La transition arrondie vers le sol permet d\u2019exploiter toute la vitesse.<\/p>\n<p>Il s\u2019agit d\u2019une structure de cadre stable en tubes d\u2019acier carr\u00e9s soud\u00e9s et galvanis\u00e9s, cadre reli\u00e9 par des traverses, t\u00f4le de transition de 3 mm d\u2019\u00e9paisseur galvanis\u00e9e plus \u00e9querre de transition de 4 mm d\u2019\u00e9paisseur galvanis\u00e9e comme renfort en dessous, plateforme et surface de roulement en Skateface\u00ae de 8 mm d\u2019\u00e9paisseur viss\u00e9es avec des vis \u00e0 t\u00eate frais\u00e9e M6 INOX, sous-couche de la plateforme et de la surface de roulement en lattes de bois impr\u00e9gn\u00e9es sous pression de 30 x 200 mm viss\u00e9es au ch\u00e2ssis avec des vis autoperceuses, coping en tube d\u2019acier galvanis\u00e9 de 60 mm de diam\u00e8tre, ar\u00eates prot\u00e9g\u00e9es par un profil\u00e9 de protection en L en caoutchouc EPDM. Ce produit est pr\u00e9mont\u00e9 en usine et livr\u00e9 comme installation finie. Ainsi, aucun montage n\u2019est n\u00e9cessaire en dehors de la fixation au sol.  <\/p>\n","protected":false},"excerpt":{"rendered":"<p>Ce module sert, entre autres, de rampe d&rsquo;acc\u00e8s. Depuis la plateforme, on se dirige vers un module central pour y r\u00e9aliser des figures. Il sert aussi de module pour r\u00e9aliser&#8230;<\/p>\n","protected":false},"featured_media":58621,"template":"","meta":[],"product_brand":[],"product_cat":[11939],"product_tag":[],"class_list":{"0":"post-58620","1":"product","2":"type-product","3":"status-publish","4":"has-post-thumbnail","6":"product_cat-petits-modules","8":"first","9":"instock","10":"shipping-taxable","11":"product-type-simple"},"_links":{"self":[{"href":"https:\/\/verticaltechnik.ch\/fr\/wp-json\/wp\/v2\/product\/58620","targetHints":{"allow":["GET"]}}],"collection":[{"href":"https:\/\/verticaltechnik.ch\/fr\/wp-json\/wp\/v2\/product"}],"about":[{"href":"https:\/\/verticaltechnik.ch\/fr\/wp-json\/wp\/v2\/types\/product"}],"wp:featuredmedia":[{"embeddable":true,"href":"https:\/\/verticaltechnik.ch\/fr\/wp-json\/wp\/v2\/media\/58621"}],"wp:attachment":[{"href":"https:\/\/verticaltechnik.ch\/fr\/wp-json\/wp\/v2\/media?parent=58620"}],"wp:term":[{"taxonomy":"product_brand","embeddable":true,"href":"https:\/\/verticaltechnik.ch\/fr\/wp-json\/wp\/v2\/product_brand?post=58620"},{"taxonomy":"product_cat","embeddable":true,"href":"https:\/\/verticaltechnik.ch\/fr\/wp-json\/wp\/v2\/product_cat?post=58620"},{"taxonomy":"product_tag","embeddable":true,"href":"https:\/\/verticaltechnik.ch\/fr\/wp-json\/wp\/v2\/product_tag?post=58620"}],"curies":[{"name":"wp","href":"https:\/\/api.w.org\/{rel}","templated":true}]}}