{"id":58633,"date":"2026-04-10T10:48:55","date_gmt":"2026-04-10T10:48:55","guid":{"rendered":"https:\/\/verticaltechnik.ch\/product\/parking-block-rail\/"},"modified":"2026-04-10T10:48:55","modified_gmt":"2026-04-10T10:48:55","slug":"parking-block-rail","status":"publish","type":"product","link":"https:\/\/verticaltechnik.ch\/fr\/produit\/parking-block-rail\/","title":{"rendered":"Parking Block Rail"},"content":{"rendered":"<p>Parking Block Rail \u2013 vivez l&rsquo;ambiance d&rsquo;un parking avec le bloc en granit !<\/p>\n<p>Cet \u00e9l\u00e9ment modulaire de skate et de trottinette est un v\u00e9ritable incontournable pour tout skatepark. Bas, stable et polyvalent \u2013 parfait pour les d\u00e9butants, les interm\u00e9diaires et les professionnels. D\u00e9veloppez votre cr\u00e9ativit\u00e9 :<br \/>\n\u2022 R\u00e9alisez des grinds et des boardslides sur le bloc en granit<br \/>\n\u2022 Utilisez le plan inclin\u00e9 pour aborder le bloc en granit avec facilit\u00e9<br \/>\n\u2022 Utilisez le plan inclin\u00e9 comme lanceur et sautez en ollie par-dessus le module<br \/>\n\u2022 Ma\u00eetrisez d&rsquo;innombrables variantes de slides (tail et nose slides) \u2013 avec des flip-outs et des combos cr\u00e9atifs  <\/p>\n<p>Robuste, durable, peu d&rsquo;entretien<br \/>\nCe module a \u00e9t\u00e9 con\u00e7u pour une utilisation intensive et continue :<br \/>\n\u2022 Construction en acier enti\u00e8rement soud\u00e9e en acier massif galvanis\u00e9<br \/>\n\u2022 Angles de transition en t\u00f4le d&rsquo;acier de 3 mm d&rsquo;\u00e9paisseur<br \/>\n\u2022 Rev\u00eatement inf\u00e9rieur en plaques de HDPE massives<br \/>\n\u2022 Surface de roulement en plaques HPL de 8 mm pour une adh\u00e9rence parfaite<br \/>\n\u2022 Bloc de parking en granit poli \u00e0 la perfection<br \/>\n\u2022 Filetages lat\u00e9raux M10 pour un levage facile<br \/>\n\u2022 Enti\u00e8rement sans bois \u2013 pas de pourriture, pas d&rsquo;entretien<\/p>\n<p>Que vous pratiquiez des tricks, cr\u00e9iez de nouvelles lignes ou souhaitiez simplement vous amuser \u2013 ce module offre un espace illimit\u00e9 pour vos comp\u00e9tences et est le compagnon id\u00e9al de tout skatepark.<\/p>\n","protected":false},"excerpt":{"rendered":"<p>Parking Block Rail \u2013 vivez l&rsquo;ambiance d&rsquo;un parking avec le bloc en granit ! Cet \u00e9l\u00e9ment modulaire de skate et de trottinette est un v\u00e9ritable incontournable pour tout skatepark. Bas,&#8230;<\/p>\n","protected":false},"featured_media":58634,"template":"","meta":[],"product_brand":[],"product_cat":[12406],"product_tag":[],"class_list":{"0":"post-58633","1":"product","2":"type-product","3":"status-publish","4":"has-post-thumbnail","6":"product_cat-parking-block-rail","8":"first","9":"instock","10":"shipping-taxable","11":"product-type-simple"},"_links":{"self":[{"href":"https:\/\/verticaltechnik.ch\/fr\/wp-json\/wp\/v2\/product\/58633","targetHints":{"allow":["GET"]}}],"collection":[{"href":"https:\/\/verticaltechnik.ch\/fr\/wp-json\/wp\/v2\/product"}],"about":[{"href":"https:\/\/verticaltechnik.ch\/fr\/wp-json\/wp\/v2\/types\/product"}],"wp:featuredmedia":[{"embeddable":true,"href":"https:\/\/verticaltechnik.ch\/fr\/wp-json\/wp\/v2\/media\/58634"}],"wp:attachment":[{"href":"https:\/\/verticaltechnik.ch\/fr\/wp-json\/wp\/v2\/media?parent=58633"}],"wp:term":[{"taxonomy":"product_brand","embeddable":true,"href":"https:\/\/verticaltechnik.ch\/fr\/wp-json\/wp\/v2\/product_brand?post=58633"},{"taxonomy":"product_cat","embeddable":true,"href":"https:\/\/verticaltechnik.ch\/fr\/wp-json\/wp\/v2\/product_cat?post=58633"},{"taxonomy":"product_tag","embeddable":true,"href":"https:\/\/verticaltechnik.ch\/fr\/wp-json\/wp\/v2\/product_tag?post=58633"}],"curies":[{"name":"wp","href":"https:\/\/api.w.org\/{rel}","templated":true}]}}