{"id":58657,"date":"2026-04-10T13:06:04","date_gmt":"2026-04-10T13:06:04","guid":{"rendered":"https:\/\/verticaltechnik.ch\/product\/rail-en-bois-parking-block\/"},"modified":"2026-04-10T13:06:04","modified_gmt":"2026-04-10T13:06:04","slug":"rail-en-bois-parking-block","status":"publish","type":"product","link":"https:\/\/verticaltechnik.ch\/fr\/produit\/rail-en-bois-parking-block\/","title":{"rendered":"Rail en bois Parking Block"},"content":{"rendered":"<p>Rail en bois Parking Block - vivez l\u2019esprit parking avec un bloc en granit !<\/p>\n<p>Cet \u00e9l\u00e9ment modulaire de skate et de trottinette est un v\u00e9ritable incontournable pour tout skatepark. Bas, stable et polyvalent \u2013 parfait pour les d\u00e9butants, les interm\u00e9diaires et les professionnels. D\u00e9veloppez votre cr\u00e9ativit\u00e9 :<br \/>\n\u2022 R\u00e9alisez des grinds et des boardslides sur le bloc en granit<br \/>\n\u2022 Utilisez le plan inclin\u00e9 pour aborder le bloc en granit avec facilit\u00e9<br \/>\n\u2022 Utilisez le plan inclin\u00e9 comme lanceur et sautez en ollie par-dessus le module<br \/>\n\u2022 Ma\u00eetrisez d&rsquo;innombrables variantes de slides (tail et nose slides) \u2013 avec des flip-outs et des combos cr\u00e9atifs  <\/p>\n<p>Que vous pratiquiez des tricks, cr\u00e9iez de nouvelles lignes ou souhaitiez simplement vous amuser \u2013 ce module offre un espace illimit\u00e9 pour vos skills et constitue le compagnon id\u00e9al pour tout skatepark.<\/p>\n","protected":false},"excerpt":{"rendered":"<p>Rail en bois Parking Block - vivez l\u2019esprit parking avec un bloc en granit ! Cet \u00e9l\u00e9ment modulaire de skate et de trottinette est un v\u00e9ritable incontournable pour tout skatepark&#8230;.<\/p>\n","protected":false},"featured_media":58658,"template":"","meta":[],"product_brand":[],"product_cat":[12406],"product_tag":[],"class_list":{"0":"post-58657","1":"product","2":"type-product","3":"status-publish","4":"has-post-thumbnail","6":"product_cat-parking-block-rail","8":"first","9":"instock","10":"shipping-taxable","11":"product-type-simple"},"_links":{"self":[{"href":"https:\/\/verticaltechnik.ch\/fr\/wp-json\/wp\/v2\/product\/58657","targetHints":{"allow":["GET"]}}],"collection":[{"href":"https:\/\/verticaltechnik.ch\/fr\/wp-json\/wp\/v2\/product"}],"about":[{"href":"https:\/\/verticaltechnik.ch\/fr\/wp-json\/wp\/v2\/types\/product"}],"wp:featuredmedia":[{"embeddable":true,"href":"https:\/\/verticaltechnik.ch\/fr\/wp-json\/wp\/v2\/media\/58658"}],"wp:attachment":[{"href":"https:\/\/verticaltechnik.ch\/fr\/wp-json\/wp\/v2\/media?parent=58657"}],"wp:term":[{"taxonomy":"product_brand","embeddable":true,"href":"https:\/\/verticaltechnik.ch\/fr\/wp-json\/wp\/v2\/product_brand?post=58657"},{"taxonomy":"product_cat","embeddable":true,"href":"https:\/\/verticaltechnik.ch\/fr\/wp-json\/wp\/v2\/product_cat?post=58657"},{"taxonomy":"product_tag","embeddable":true,"href":"https:\/\/verticaltechnik.ch\/fr\/wp-json\/wp\/v2\/product_tag?post=58657"}],"curies":[{"name":"wp","href":"https:\/\/api.w.org\/{rel}","templated":true}]}}