{"id":58676,"date":"2026-04-10T13:18:01","date_gmt":"2026-04-10T13:18:01","guid":{"rendered":"https:\/\/verticaltechnik.ch\/product\/barre-de-traction-pour-fauteuil-roulant-power\/"},"modified":"2026-04-10T13:18:01","modified_gmt":"2026-04-10T13:18:01","slug":"barre-de-traction-pour-fauteuil-roulant-power","status":"publish","type":"product","link":"https:\/\/verticaltechnik.ch\/fr\/product\/barre-de-traction-pour-fauteuil-roulant-power\/","title":{"rendered":"Barre de traction pour fauteuil roulant Power"},"content":{"rendered":"<p>Barres parall\u00e8les inclusives adapt\u00e9es aux fauteuils roulants &#8211; Power<\/p>\n<p>Cet appareil offre plusieurs possibilit\u00e9s d&rsquo;entra\u00eenement gr\u00e2ce \u00e0 des barres espac\u00e9es de 550 mm et 600 mm, adapt\u00e9es \u00e0 la plupart des morphologies et \u00e9galement aux personnes en fauteuil roulant. On s&rsquo;appuie avec les mains sur les barres et on stabilise le haut du corps. Ensuite, on plie les bras de mani\u00e8re contr\u00f4l\u00e9e et on abaisse le corps avant de remonter lentement et de mani\u00e8re contr\u00f4l\u00e9e vers la position de d\u00e9part. L&rsquo;entra\u00eenement peut ainsi \u00eatre effectu\u00e9 en toute s\u00e9curit\u00e9 et adapt\u00e9 \u00e0 la mobilit\u00e9 individuelle.   <\/p>\n<p>Construction : Compos\u00e9 de tube d&rsquo;acier carr\u00e9 120 x 120 mm, galvanis\u00e9 et thermolaqu\u00e9 en couleur RAL au choix du client, capuchons soud\u00e9s, barres en tube d&rsquo;acier galvanis\u00e9, appareil fix\u00e9 sur socle b\u00e9ton avec chevilles chimiques M12.<\/p>\n","protected":false},"excerpt":{"rendered":"<p>Barres parall\u00e8les inclusives adapt\u00e9es aux fauteuils roulants &#8211; Power Cet appareil offre plusieurs possibilit\u00e9s d&rsquo;entra\u00eenement gr\u00e2ce \u00e0 des barres espac\u00e9es de 550 mm et 600 mm, adapt\u00e9es \u00e0 la plupart&#8230;<\/p>\n","protected":false},"featured_media":58677,"template":"","meta":[],"product_brand":[],"product_cat":[12020],"product_tag":[],"class_list":{"0":"post-58676","1":"product","2":"type-product","3":"status-publish","4":"has-post-thumbnail","6":"product_cat-modules","8":"first","9":"instock","10":"shipping-taxable","11":"product-type-simple"},"_links":{"self":[{"href":"https:\/\/verticaltechnik.ch\/fr\/wp-json\/wp\/v2\/product\/58676","targetHints":{"allow":["GET"]}}],"collection":[{"href":"https:\/\/verticaltechnik.ch\/fr\/wp-json\/wp\/v2\/product"}],"about":[{"href":"https:\/\/verticaltechnik.ch\/fr\/wp-json\/wp\/v2\/types\/product"}],"wp:featuredmedia":[{"embeddable":true,"href":"https:\/\/verticaltechnik.ch\/fr\/wp-json\/wp\/v2\/media\/58677"}],"wp:attachment":[{"href":"https:\/\/verticaltechnik.ch\/fr\/wp-json\/wp\/v2\/media?parent=58676"}],"wp:term":[{"taxonomy":"product_brand","embeddable":true,"href":"https:\/\/verticaltechnik.ch\/fr\/wp-json\/wp\/v2\/product_brand?post=58676"},{"taxonomy":"product_cat","embeddable":true,"href":"https:\/\/verticaltechnik.ch\/fr\/wp-json\/wp\/v2\/product_cat?post=58676"},{"taxonomy":"product_tag","embeddable":true,"href":"https:\/\/verticaltechnik.ch\/fr\/wp-json\/wp\/v2\/product_tag?post=58676"}],"curies":[{"name":"wp","href":"https:\/\/api.w.org\/{rel}","templated":true}]}}